{"id":11234,"date":"2024-05-05T20:26:14","date_gmt":"2024-05-05T20:26:14","guid":{"rendered":"https:\/\/tankawellness.com\/product\/tanka-t-flex-joint\/"},"modified":"2024-08-26T08:30:26","modified_gmt":"2024-08-26T08:30:26","slug":"tanka-t-flex-joint","status":"publish","type":"product","link":"https:\/\/tankawellness.com\/sk\/product\/tanka-t-flex-joint\/","title":{"rendered":"Tanka T-Flex Joint"},"content":{"rendered":"","protected":false},"excerpt":{"rendered":"<p><strong>POSIL\u0147UJE ZDRAVIE K\u0139BOV, \u0160LIACH, V\u00c4ZOV A SVALOV<\/strong><\/p>\n<p>Po\u010detn\u00e9 klinick\u00e9 \u0161t\u00fadie preuk\u00e1zali, \u017ee na\u0161a kombin\u00e1cia v\u00fd\u017eivov\u00fdch doplnkov m\u00f4\u017ee poskytn\u00fa\u0165 \u00fa\u013eavu od bolesti a stuhnutosti spojenej s po\u0161koden\u00edm spojivov\u00e9ho a chrupavkov\u00e9ho tkaniva a m\u00f4\u017ee zlep\u0161i\u0165 pohyblivos\u0165 k\u013abov, zn\u00ed\u017ei\u0165 boles\u0165 svalov a zlep\u0161i\u0165 celkov\u00fa funk\u010dnos\u0165.<\/p>\n<div class=\"product_p_img\">\n<p><img decoding=\"async\" src=\"https:\/\/tankawellness.com\/wp-content\/uploads\/2024\/01\/30day.png\" \/>\u00a0 \u00a0 <strong>30-D\u0147OV\u00c9 NEPRETR\u017dIT\u00c9 UVO\u013d\u0147OVANIE<\/strong><\/p>\n<p><img decoding=\"async\" src=\"https:\/\/tankawellness.com\/wp-content\/uploads\/2024\/01\/water.png\" \/>\u00a0 \u00a0<strong>ODOLNOS\u0164 VO\u010cI VODE<\/strong><\/p>\n<p><img decoding=\"async\" src=\"https:\/\/tankawellness.com\/wp-content\/uploads\/2024\/01\/gmo.png\" \/>\u00a0 \u00a0<strong>Bez GMO (neobsahuje geneticky modifikovan\u00e9 materi\u00e1ly)<\/strong><\/p>\n<p><img decoding=\"async\" src=\"https:\/\/tankawellness.com\/wp-content\/uploads\/2024\/01\/hypo-1.png\" \/>\u00a0 \u00a0 <strong>HYPOALERG\u00c9NNE<\/strong><\/p>\n<\/div>\n","protected":false},"featured_media":11235,"template":"","meta":{"inline_featured_image":false,"_monsterinsights_skip_tracking":false,"_monsterinsights_sitenote_active":false,"_monsterinsights_sitenote_note":"","_monsterinsights_sitenote_category":0,"_uf_show_specific_survey":0,"_uf_disable_surveys":false},"product_cat":[159,160,161],"product_tag":[],"class_list":{"0":"post-11234","1":"product","2":"type-product","3":"status-publish","4":"has-post-thumbnail","6":"product_cat-joint-booster-sk","7":"product_cat-muscle-health-sk","8":"product_cat-tendon-sk","11":"outofstock","12":"shipping-taxable","13":"purchasable","14":"product-type-simple"},"_links":{"self":[{"href":"https:\/\/tankawellness.com\/sk\/wp-json\/wp\/v2\/product\/11234","targetHints":{"allow":["GET"]}}],"collection":[{"href":"https:\/\/tankawellness.com\/sk\/wp-json\/wp\/v2\/product"}],"about":[{"href":"https:\/\/tankawellness.com\/sk\/wp-json\/wp\/v2\/types\/product"}],"version-history":[{"count":3,"href":"https:\/\/tankawellness.com\/sk\/wp-json\/wp\/v2\/product\/11234\/revisions"}],"predecessor-version":[{"id":11238,"href":"https:\/\/tankawellness.com\/sk\/wp-json\/wp\/v2\/product\/11234\/revisions\/11238"}],"wp:featuredmedia":[{"embeddable":true,"href":"https:\/\/tankawellness.com\/sk\/wp-json\/wp\/v2\/media\/11235"}],"wp:attachment":[{"href":"https:\/\/tankawellness.com\/sk\/wp-json\/wp\/v2\/media?parent=11234"}],"wp:term":[{"taxonomy":"product_cat","embeddable":true,"href":"https:\/\/tankawellness.com\/sk\/wp-json\/wp\/v2\/product_cat?post=11234"},{"taxonomy":"product_tag","embeddable":true,"href":"https:\/\/tankawellness.com\/sk\/wp-json\/wp\/v2\/product_tag?post=11234"}],"curies":[{"name":"wp","href":"https:\/\/api.w.org\/{rel}","templated":true}]}}