{"id":11231,"date":"2024-05-05T23:06:14","date_gmt":"2024-05-05T23:06:14","guid":{"rendered":"https:\/\/tankawellness.com\/product\/tanka-t-migraine\/"},"modified":"2024-08-26T08:33:39","modified_gmt":"2024-08-26T08:33:39","slug":"tanka-t-migraine","status":"publish","type":"product","link":"https:\/\/tankawellness.com\/sk\/product\/tanka-t-migraine\/","title":{"rendered":"Tanka T-Migraine"},"content":{"rendered":"","protected":false},"excerpt":{"rendered":"<p><strong>PR\u00cdRODN\u00c1 PREVENCIA PROTI Z\u00c1CHVATOM MIGR\u00c9NY<\/strong><\/p>\n<p>V posledn\u00fdch rokoch klinick\u00e9 \u0161t\u00fadie na \u013eu\u010foch uk\u00e1zali, \u017ee v\u00fd\u017eivov\u00e9 doplnky s ur\u010dit\u00fdmi d\u00e1vkami byl\u00edn pupalky dvojro\u010dnej a pupalky dvojro\u010dnej m\u00f4\u017eu u pacientov trpiacich migr\u00e9nou zn\u00ed\u017ei\u0165 frekvenciu z\u00e1chvatov migr\u00e9ny najmenej o 50%.<\/p>\n<div class=\"product_p_img\">\n<p><img decoding=\"async\" src=\"https:\/\/tankawellness.com\/wp-content\/uploads\/2024\/01\/30day.png\" \/>\u00a0 \u00a0 <strong>30-D\u0147OV\u00c9 NEPRETR\u017dIT\u00c9 UVO\u013d\u0147OVANIE<\/strong><\/p>\n<p><img decoding=\"async\" src=\"https:\/\/tankawellness.com\/wp-content\/uploads\/2024\/01\/water.png\" \/>\u00a0 \u00a0<strong>ODOLNOS\u0164 VO\u010cI VODE<\/strong><\/p>\n<p><img decoding=\"async\" src=\"https:\/\/tankawellness.com\/wp-content\/uploads\/2024\/01\/gmo.png\" \/>\u00a0 \u00a0<strong>Bez GMO (neobsahuje geneticky modifikovan\u00e9 materi\u00e1ly)<\/strong><\/p>\n<p><img decoding=\"async\" src=\"https:\/\/tankawellness.com\/wp-content\/uploads\/2024\/01\/hypo-1.png\" \/>\u00a0 \u00a0 <strong>HYPOALERG\u00c9NNE<\/strong><\/p>\n<\/div>\n","protected":false},"featured_media":11233,"template":"","meta":{"inline_featured_image":false,"_monsterinsights_skip_tracking":false,"_monsterinsights_sitenote_active":false,"_monsterinsights_sitenote_note":"","_monsterinsights_sitenote_category":0,"_uf_show_specific_survey":0,"_uf_disable_surveys":false},"product_cat":[158],"product_tag":[],"class_list":{"0":"post-11231","1":"product","2":"type-product","3":"status-publish","4":"has-post-thumbnail","6":"product_cat-uncategorized-sk","9":"outofstock","10":"shipping-taxable","11":"purchasable","12":"product-type-simple"},"_links":{"self":[{"href":"https:\/\/tankawellness.com\/sk\/wp-json\/wp\/v2\/product\/11231","targetHints":{"allow":["GET"]}}],"collection":[{"href":"https:\/\/tankawellness.com\/sk\/wp-json\/wp\/v2\/product"}],"about":[{"href":"https:\/\/tankawellness.com\/sk\/wp-json\/wp\/v2\/types\/product"}],"version-history":[{"count":4,"href":"https:\/\/tankawellness.com\/sk\/wp-json\/wp\/v2\/product\/11231\/revisions"}],"predecessor-version":[{"id":11242,"href":"https:\/\/tankawellness.com\/sk\/wp-json\/wp\/v2\/product\/11231\/revisions\/11242"}],"wp:featuredmedia":[{"embeddable":true,"href":"https:\/\/tankawellness.com\/sk\/wp-json\/wp\/v2\/media\/11233"}],"wp:attachment":[{"href":"https:\/\/tankawellness.com\/sk\/wp-json\/wp\/v2\/media?parent=11231"}],"wp:term":[{"taxonomy":"product_cat","embeddable":true,"href":"https:\/\/tankawellness.com\/sk\/wp-json\/wp\/v2\/product_cat?post=11231"},{"taxonomy":"product_tag","embeddable":true,"href":"https:\/\/tankawellness.com\/sk\/wp-json\/wp\/v2\/product_tag?post=11231"}],"curies":[{"name":"wp","href":"https:\/\/api.w.org\/{rel}","templated":true}]}}