{"id":11222,"date":"2024-05-05T23:24:16","date_gmt":"2024-05-05T23:24:16","guid":{"rendered":"https:\/\/tankawellness.com\/product\/tanka-t-collagen\/"},"modified":"2024-08-26T08:42:55","modified_gmt":"2024-08-26T08:42:55","slug":"tanka-t-collagen","status":"publish","type":"product","link":"https:\/\/tankawellness.com\/sk\/product\/tanka-t-collagen\/","title":{"rendered":"Tanka T-Collagen"},"content":{"rendered":"","protected":false},"excerpt":{"rendered":"<p><strong>BOJUJE PROTI \u00da\u010cINKOM STARNUTIA<\/strong><\/p>\n<p>Dop\u013a\u0148anie kolag\u00e9nu m\u00f4\u017ee ma\u0165 v\u00fdznamn\u00fd \u00fa\u010dinok proti starnutiu. Klinick\u00e9 \u0161t\u00fadie preuk\u00e1zali, \u017ee kolag\u00e9n m\u00f4\u017ee zn\u00ed\u017ei\u0165 artritick\u00fa boles\u0165 spojen\u00fa so starnut\u00edm, zlep\u0161i\u0165 rast vlasov a nechtov a zlep\u0161i\u0165 \u0161trukt\u00faru, pevnos\u0165, pru\u017enos\u0165 a tonus poko\u017eky, \u010do vedie k redukcii vr\u00e1sok.<\/p>\n<div class=\"product_p_img\">\n<p><img decoding=\"async\" src=\"https:\/\/tankawellness.com\/wp-content\/uploads\/2024\/01\/30day.png\" \/>\u00a0 \u00a0 <strong>30-D\u0147OV\u00c9 NEPRETR\u017dIT\u00c9 UVO\u013d\u0147OVANIE<\/strong><\/p>\n<p><img decoding=\"async\" src=\"https:\/\/tankawellness.com\/wp-content\/uploads\/2024\/01\/water.png\" \/>\u00a0 \u00a0<strong>ODOLNOS\u0164 VO\u010cI VODE<\/strong><\/p>\n<p><img decoding=\"async\" src=\"https:\/\/tankawellness.com\/wp-content\/uploads\/2024\/01\/gmo.png\" \/>\u00a0 \u00a0<strong>Bez GMO (neobsahuje geneticky modifikovan\u00e9 materi\u00e1ly)<\/strong><\/p>\n<p><img decoding=\"async\" src=\"https:\/\/tankawellness.com\/wp-content\/uploads\/2024\/01\/hypo-1.png\" \/>\u00a0 \u00a0 <strong>HYPOALERG\u00c9NNE<\/strong><\/p>\n<\/div>\n","protected":false},"featured_media":11224,"template":"","meta":{"inline_featured_image":false,"_monsterinsights_skip_tracking":false,"_monsterinsights_sitenote_active":false,"_monsterinsights_sitenote_note":"","_monsterinsights_sitenote_category":0,"_uf_show_specific_survey":0,"_uf_disable_surveys":false},"product_cat":[158],"product_tag":[],"class_list":{"0":"post-11222","1":"product","2":"type-product","3":"status-publish","4":"has-post-thumbnail","6":"product_cat-uncategorized-sk","9":"outofstock","10":"shipping-taxable","11":"purchasable","12":"product-type-simple"},"_links":{"self":[{"href":"https:\/\/tankawellness.com\/sk\/wp-json\/wp\/v2\/product\/11222","targetHints":{"allow":["GET"]}}],"collection":[{"href":"https:\/\/tankawellness.com\/sk\/wp-json\/wp\/v2\/product"}],"about":[{"href":"https:\/\/tankawellness.com\/sk\/wp-json\/wp\/v2\/types\/product"}],"version-history":[{"count":4,"href":"https:\/\/tankawellness.com\/sk\/wp-json\/wp\/v2\/product\/11222\/revisions"}],"predecessor-version":[{"id":11254,"href":"https:\/\/tankawellness.com\/sk\/wp-json\/wp\/v2\/product\/11222\/revisions\/11254"}],"wp:featuredmedia":[{"embeddable":true,"href":"https:\/\/tankawellness.com\/sk\/wp-json\/wp\/v2\/media\/11224"}],"wp:attachment":[{"href":"https:\/\/tankawellness.com\/sk\/wp-json\/wp\/v2\/media?parent=11222"}],"wp:term":[{"taxonomy":"product_cat","embeddable":true,"href":"https:\/\/tankawellness.com\/sk\/wp-json\/wp\/v2\/product_cat?post=11222"},{"taxonomy":"product_tag","embeddable":true,"href":"https:\/\/tankawellness.com\/sk\/wp-json\/wp\/v2\/product_tag?post=11222"}],"curies":[{"name":"wp","href":"https:\/\/api.w.org\/{rel}","templated":true}]}}