{"id":10943,"date":"2024-05-05T20:26:14","date_gmt":"2024-05-05T20:26:14","guid":{"rendered":"https:\/\/tankawellness.com\/product\/tanka-t-flex-joint\/"},"modified":"2024-08-24T09:35:40","modified_gmt":"2024-08-24T09:35:40","slug":"tanka-t-flex-joint","status":"publish","type":"product","link":"https:\/\/tankawellness.com\/it\/product\/tanka-t-flex-joint\/","title":{"rendered":"Tanka T-Flex Joint"},"content":{"rendered":"","protected":false},"excerpt":{"rendered":"<p><strong>PER GUIDARE L&#8217;ARTICOLAZIONE, IL TENDINE, SALUTE DEI LEGAMENTI E DEI MUSCOLI<\/strong><\/p>\n<p>Numerosi studi clinici hanno dimostrato che la nostra combinazione di integratori pu\u00f2 alleviare il dolore e la rigidit\u00e0 associati al deterioramento dei tessuti connettivi e cartilaginei e pu\u00f2 migliorare la mobilit\u00e0 articolare, la rigidit\u00e0 e la funzionalit\u00e0 generale.<\/p>\n<div class=\"product_p_img\">\n<p><img decoding=\"async\" src=\"https:\/\/tankawellness.com\/wp-content\/uploads\/2024\/01\/30day.png\" \/>\u00a0 \u00a0 <strong>RILASCIO CONTINUO PER 30 GIORNI<\/strong><\/p>\n<p><img decoding=\"async\" src=\"https:\/\/tankawellness.com\/wp-content\/uploads\/2024\/01\/water.png\" \/>\u00a0 \u00a0<strong>IMPERMEABILE<\/strong><\/p>\n<p><img decoding=\"async\" src=\"https:\/\/tankawellness.com\/wp-content\/uploads\/2024\/01\/gmo.png\" \/>\u00a0 \u00a0<strong>NON OGM<\/strong><\/p>\n<p><img decoding=\"async\" src=\"https:\/\/tankawellness.com\/wp-content\/uploads\/2024\/01\/hypo-1.png\" \/>\u00a0 \u00a0 <strong>IPOALLERGENICO<\/strong><\/p>\n<\/div>\n","protected":false},"featured_media":10944,"template":"","meta":{"inline_featured_image":false,"_monsterinsights_skip_tracking":false,"_monsterinsights_sitenote_active":false,"_monsterinsights_sitenote_note":"","_monsterinsights_sitenote_category":0,"_uf_show_specific_survey":0,"_uf_disable_surveys":false},"product_cat":[149,150,151],"product_tag":[],"class_list":{"0":"post-10943","1":"product","2":"type-product","3":"status-publish","4":"has-post-thumbnail","6":"product_cat-joint-booster-it","7":"product_cat-muscle-health-it","8":"product_cat-tendon-it","11":"outofstock","12":"shipping-taxable","13":"purchasable","14":"product-type-simple"},"_links":{"self":[{"href":"https:\/\/tankawellness.com\/it\/wp-json\/wp\/v2\/product\/10943","targetHints":{"allow":["GET"]}}],"collection":[{"href":"https:\/\/tankawellness.com\/it\/wp-json\/wp\/v2\/product"}],"about":[{"href":"https:\/\/tankawellness.com\/it\/wp-json\/wp\/v2\/types\/product"}],"version-history":[{"count":3,"href":"https:\/\/tankawellness.com\/it\/wp-json\/wp\/v2\/product\/10943\/revisions"}],"predecessor-version":[{"id":10966,"href":"https:\/\/tankawellness.com\/it\/wp-json\/wp\/v2\/product\/10943\/revisions\/10966"}],"wp:featuredmedia":[{"embeddable":true,"href":"https:\/\/tankawellness.com\/it\/wp-json\/wp\/v2\/media\/10944"}],"wp:attachment":[{"href":"https:\/\/tankawellness.com\/it\/wp-json\/wp\/v2\/media?parent=10943"}],"wp:term":[{"taxonomy":"product_cat","embeddable":true,"href":"https:\/\/tankawellness.com\/it\/wp-json\/wp\/v2\/product_cat?post=10943"},{"taxonomy":"product_tag","embeddable":true,"href":"https:\/\/tankawellness.com\/it\/wp-json\/wp\/v2\/product_tag?post=10943"}],"curies":[{"name":"wp","href":"https:\/\/api.w.org\/{rel}","templated":true}]}}