{"id":10926,"date":"2024-05-05T23:18:13","date_gmt":"2024-05-05T23:18:13","guid":{"rendered":"https:\/\/tankawellness.com\/product\/tanka-t-relax\/"},"modified":"2024-08-24T09:50:36","modified_gmt":"2024-08-24T09:50:36","slug":"tanka-t-relax","status":"publish","type":"product","link":"https:\/\/tankawellness.com\/it\/product\/tanka-t-relax\/","title":{"rendered":"Tanka T-Relax"},"content":{"rendered":"","protected":false},"excerpt":{"rendered":"<p><strong>RIDURRE NATURALMENTE I SINTOMI STRESS E IRRITABILIT\u00c0<\/strong><\/p>\n<p>L&#8217;olio di valeriana, estratto dalla vaporizzazione delle radici della Valeriana Officinalis, \u00e8 noto per le sue straordinarie propriet\u00e0 rilassanti e, combinato nella nostra formulazione, riduce i sintomi di stress, agitazione, irrequietezza e irritabilit\u00e0, con conseguente miglioramento del sonno, aumento dell&#8217;energia e maggiore senso di benessere generale.<\/p>\n<div class=\"product_p_img\">\n<p><img decoding=\"async\" src=\"https:\/\/tankawellness.com\/wp-content\/uploads\/2024\/01\/30day.png\" \/>\u00a0 \u00a0 <strong>RILASCIO CONTINUO PER 30 GIORNI<\/strong><\/p>\n<p><img decoding=\"async\" src=\"https:\/\/tankawellness.com\/wp-content\/uploads\/2024\/01\/water.png\" \/>\u00a0 \u00a0<strong>IMPERMEABILE<\/strong><\/p>\n<p><img decoding=\"async\" src=\"https:\/\/tankawellness.com\/wp-content\/uploads\/2024\/01\/gmo.png\" \/>\u00a0 \u00a0<strong>NON OGM<\/strong><\/p>\n<p><img decoding=\"async\" src=\"https:\/\/tankawellness.com\/wp-content\/uploads\/2024\/01\/hypo-1.png\" \/>\u00a0 \u00a0 <strong>IPOALLERGENICO<\/strong><\/p>\n<\/div>\n","protected":false},"featured_media":10928,"template":"","meta":{"inline_featured_image":false,"_monsterinsights_skip_tracking":false,"_monsterinsights_sitenote_active":false,"_monsterinsights_sitenote_note":"","_monsterinsights_sitenote_category":0,"_uf_show_specific_survey":0,"_uf_disable_surveys":false},"product_cat":[145],"product_tag":[],"class_list":{"0":"post-10926","1":"product","2":"type-product","3":"status-publish","4":"has-post-thumbnail","6":"product_cat-uncategorized-it","9":"outofstock","10":"shipping-taxable","11":"purchasable","12":"product-type-simple"},"_links":{"self":[{"href":"https:\/\/tankawellness.com\/it\/wp-json\/wp\/v2\/product\/10926","targetHints":{"allow":["GET"]}}],"collection":[{"href":"https:\/\/tankawellness.com\/it\/wp-json\/wp\/v2\/product"}],"about":[{"href":"https:\/\/tankawellness.com\/it\/wp-json\/wp\/v2\/types\/product"}],"version-history":[{"count":4,"href":"https:\/\/tankawellness.com\/it\/wp-json\/wp\/v2\/product\/10926\/revisions"}],"predecessor-version":[{"id":10980,"href":"https:\/\/tankawellness.com\/it\/wp-json\/wp\/v2\/product\/10926\/revisions\/10980"}],"wp:featuredmedia":[{"embeddable":true,"href":"https:\/\/tankawellness.com\/it\/wp-json\/wp\/v2\/media\/10928"}],"wp:attachment":[{"href":"https:\/\/tankawellness.com\/it\/wp-json\/wp\/v2\/media?parent=10926"}],"wp:term":[{"taxonomy":"product_cat","embeddable":true,"href":"https:\/\/tankawellness.com\/it\/wp-json\/wp\/v2\/product_cat?post=10926"},{"taxonomy":"product_tag","embeddable":true,"href":"https:\/\/tankawellness.com\/it\/wp-json\/wp\/v2\/product_tag?post=10926"}],"curies":[{"name":"wp","href":"https:\/\/api.w.org\/{rel}","templated":true}]}}