{"id":10420,"date":"2024-05-05T20:26:14","date_gmt":"2024-05-05T20:26:14","guid":{"rendered":"https:\/\/tankawellness.com\/product\/tanka-t-flex-joint\/"},"modified":"2024-08-21T00:59:50","modified_gmt":"2024-08-21T00:59:50","slug":"tanka-t-flex-joint","status":"publish","type":"product","link":"https:\/\/tankawellness.com\/fr\/product\/tanka-t-flex-joint\/","title":{"rendered":"Tanka T-Flex Joint"},"content":{"rendered":"","protected":false},"excerpt":{"rendered":"<p><strong>RENFORCER LA SANT\u00c9 DES ARTICULATIONS, DES TENDONS, DES LIGAMENTS ET DES MUSCLES<\/strong><\/p>\n<p>De nombreuses \u00e9tudes cliniques ont montr\u00e9 que notre combinaison de suppl\u00e9ments peut soulager la douleur et la raideur associ\u00e9es \u00e0 la d\u00e9t\u00e9rioration des tissus conjonctifs et cartilagineux, et peut am\u00e9liorer la mobilit\u00e9 des articulations, les douleurs musculaires <strong>et<\/strong> la fonctionnalit\u00e9 globale.<\/p>\n<div class=\"product_p_img\">\n<p><img decoding=\"async\" src=\"https:\/\/tankawellness.com\/wp-content\/uploads\/2024\/01\/30day.png\" \/>\u00a0 \u00a0 <strong>LIB\u00c9RATION CONTINUE PENDANT 30 JOURS<\/strong><\/p>\n<p><img decoding=\"async\" src=\"https:\/\/tankawellness.com\/wp-content\/uploads\/2024\/01\/water.png\" \/>\u00a0 \u00a0<strong>IMPERM\u00c9ABILIT\u00c9<\/strong><\/p>\n<p><img decoding=\"async\" src=\"https:\/\/tankawellness.com\/wp-content\/uploads\/2024\/01\/gmo.png\" \/>\u00a0 \u00a0<strong>NON-OGM<\/strong><\/p>\n<p><img decoding=\"async\" src=\"https:\/\/tankawellness.com\/wp-content\/uploads\/2024\/01\/hypo-1.png\" \/>\u00a0 \u00a0 <strong>HYPOALLERG\u00c8NE<\/strong><\/p>\n<\/div>\n","protected":false},"featured_media":10421,"template":"","meta":{"inline_featured_image":false,"_monsterinsights_skip_tracking":false,"_monsterinsights_sitenote_active":false,"_monsterinsights_sitenote_note":"","_monsterinsights_sitenote_category":0,"_uf_show_specific_survey":0,"_uf_disable_surveys":false},"product_cat":[129,130,131],"product_tag":[],"class_list":{"0":"post-10420","1":"product","2":"type-product","3":"status-publish","4":"has-post-thumbnail","6":"product_cat-joint-booster-fr","7":"product_cat-muscle-health-fr","8":"product_cat-tendon-fr","11":"outofstock","12":"shipping-taxable","13":"purchasable","14":"product-type-simple"},"_links":{"self":[{"href":"https:\/\/tankawellness.com\/fr\/wp-json\/wp\/v2\/product\/10420","targetHints":{"allow":["GET"]}}],"collection":[{"href":"https:\/\/tankawellness.com\/fr\/wp-json\/wp\/v2\/product"}],"about":[{"href":"https:\/\/tankawellness.com\/fr\/wp-json\/wp\/v2\/types\/product"}],"version-history":[{"count":4,"href":"https:\/\/tankawellness.com\/fr\/wp-json\/wp\/v2\/product\/10420\/revisions"}],"predecessor-version":[{"id":10425,"href":"https:\/\/tankawellness.com\/fr\/wp-json\/wp\/v2\/product\/10420\/revisions\/10425"}],"wp:featuredmedia":[{"embeddable":true,"href":"https:\/\/tankawellness.com\/fr\/wp-json\/wp\/v2\/media\/10421"}],"wp:attachment":[{"href":"https:\/\/tankawellness.com\/fr\/wp-json\/wp\/v2\/media?parent=10420"}],"wp:term":[{"taxonomy":"product_cat","embeddable":true,"href":"https:\/\/tankawellness.com\/fr\/wp-json\/wp\/v2\/product_cat?post=10420"},{"taxonomy":"product_tag","embeddable":true,"href":"https:\/\/tankawellness.com\/fr\/wp-json\/wp\/v2\/product_tag?post=10420"}],"curies":[{"name":"wp","href":"https:\/\/api.w.org\/{rel}","templated":true}]}}