{"id":10417,"date":"2024-05-05T23:06:14","date_gmt":"2024-05-05T23:06:14","guid":{"rendered":"https:\/\/tankawellness.com\/product\/tanka-t-migraine\/"},"modified":"2024-08-21T01:06:00","modified_gmt":"2024-08-21T01:06:00","slug":"tanka-t-migraine","status":"publish","type":"product","link":"https:\/\/tankawellness.com\/fr\/product\/tanka-t-migraine\/","title":{"rendered":"Tanka T-Migraine"},"content":{"rendered":"","protected":false},"excerpt":{"rendered":"<p><strong>PR\u00c9VENTION NATURELLE DE LA MIGRAINE<\/strong><\/p>\n<p>Ces derni\u00e8res ann\u00e9es, des essais cliniques sur l&#8217;homme ont montr\u00e9 qu&#8217;une suppl\u00e9mentation en doses sp\u00e9cifiques de p\u00e9tasite et de grande camomille peut r\u00e9duire la fr\u00e9quence des crises de migraine d&#8217;au moins 50 % chez les personnes souffrant de migraine.<\/p>\n<div class=\"product_p_img\">\n<p><img decoding=\"async\" src=\"https:\/\/tankawellness.com\/wp-content\/uploads\/2024\/01\/30day.png\" \/>\u00a0 \u00a0 <strong>LIB\u00c9RATION CONTINUE PENDANT 30 JOURS<\/strong><\/p>\n<p><img decoding=\"async\" src=\"https:\/\/tankawellness.com\/wp-content\/uploads\/2024\/01\/water.png\" \/>\u00a0 \u00a0<strong>IMPERM\u00c9ABILIT\u00c9<\/strong><\/p>\n<p><img decoding=\"async\" src=\"https:\/\/tankawellness.com\/wp-content\/uploads\/2024\/01\/gmo.png\" \/>\u00a0 \u00a0<strong>NON-OGM<\/strong><\/p>\n<p><img decoding=\"async\" src=\"https:\/\/tankawellness.com\/wp-content\/uploads\/2024\/01\/hypo-1.png\" \/>\u00a0 \u00a0 <strong>HYPOALLERG\u00c8NE<\/strong><\/p>\n<\/div>\n","protected":false},"featured_media":10419,"template":"","meta":{"inline_featured_image":false,"_monsterinsights_skip_tracking":false,"_monsterinsights_sitenote_active":false,"_monsterinsights_sitenote_note":"","_monsterinsights_sitenote_category":0,"_uf_show_specific_survey":0,"_uf_disable_surveys":false},"product_cat":[128],"product_tag":[],"class_list":{"0":"post-10417","1":"product","2":"type-product","3":"status-publish","4":"has-post-thumbnail","6":"product_cat-uncategorized-fr","9":"outofstock","10":"shipping-taxable","11":"purchasable","12":"product-type-simple"},"_links":{"self":[{"href":"https:\/\/tankawellness.com\/fr\/wp-json\/wp\/v2\/product\/10417","targetHints":{"allow":["GET"]}}],"collection":[{"href":"https:\/\/tankawellness.com\/fr\/wp-json\/wp\/v2\/product"}],"about":[{"href":"https:\/\/tankawellness.com\/fr\/wp-json\/wp\/v2\/types\/product"}],"version-history":[{"count":5,"href":"https:\/\/tankawellness.com\/fr\/wp-json\/wp\/v2\/product\/10417\/revisions"}],"predecessor-version":[{"id":10430,"href":"https:\/\/tankawellness.com\/fr\/wp-json\/wp\/v2\/product\/10417\/revisions\/10430"}],"wp:featuredmedia":[{"embeddable":true,"href":"https:\/\/tankawellness.com\/fr\/wp-json\/wp\/v2\/media\/10419"}],"wp:attachment":[{"href":"https:\/\/tankawellness.com\/fr\/wp-json\/wp\/v2\/media?parent=10417"}],"wp:term":[{"taxonomy":"product_cat","embeddable":true,"href":"https:\/\/tankawellness.com\/fr\/wp-json\/wp\/v2\/product_cat?post=10417"},{"taxonomy":"product_tag","embeddable":true,"href":"https:\/\/tankawellness.com\/fr\/wp-json\/wp\/v2\/product_tag?post=10417"}],"curies":[{"name":"wp","href":"https:\/\/api.w.org\/{rel}","templated":true}]}}