{"id":10414,"date":"2024-05-05T23:16:06","date_gmt":"2024-05-05T23:16:06","guid":{"rendered":"https:\/\/tankawellness.com\/product\/tanka-t-mood\/"},"modified":"2024-08-21T01:13:38","modified_gmt":"2024-08-21T01:13:38","slug":"tanka-t-mood","status":"publish","type":"product","link":"https:\/\/tankawellness.com\/fr\/product\/tanka-t-mood\/","title":{"rendered":"Tanka T-Mood"},"content":{"rendered":"","protected":false},"excerpt":{"rendered":"<p><strong>AM\u00c9LIORER L&#8217;HUMEUR ET LES NIVEAUX D&#8217;\u00c9NERGIE<\/strong><\/p>\n<p>Notre bracelet T-Mood Wellness vous offre le confort et la facilit\u00e9 d&#8217;une sensation de d\u00e9tente et d&#8217;absence de stress, ce qui se traduit par une am\u00e9lioration du sommeil, une augmentation des niveaux d&#8217;\u00e9nergie, une am\u00e9lioration de l&#8217;humeur et de la fonctionnalit\u00e9 globale.<\/p>\n<div class=\"product_p_img\">\n<p><img decoding=\"async\" src=\"https:\/\/tankawellness.com\/wp-content\/uploads\/2024\/01\/30day.png\" \/>\u00a0 \u00a0 <strong>LIB\u00c9RATION CONTINUE PENDANT 30 JOURS<\/strong><\/p>\n<p><img decoding=\"async\" src=\"https:\/\/tankawellness.com\/wp-content\/uploads\/2024\/01\/water.png\" \/>\u00a0 \u00a0<strong>IMPERM\u00c9ABILIT\u00c9<\/strong><\/p>\n<p><img decoding=\"async\" src=\"https:\/\/tankawellness.com\/wp-content\/uploads\/2024\/01\/gmo.png\" \/>\u00a0 \u00a0<strong>NON-OGM<\/strong><\/p>\n<p><img decoding=\"async\" src=\"https:\/\/tankawellness.com\/wp-content\/uploads\/2024\/01\/hypo-1.png\" \/>\u00a0 \u00a0 <strong>HYPOALLERG\u00c8NE<\/strong><\/p>\n<\/div>\n","protected":false},"featured_media":10416,"template":"","meta":{"inline_featured_image":false,"_monsterinsights_skip_tracking":false,"_monsterinsights_sitenote_active":false,"_monsterinsights_sitenote_note":"","_monsterinsights_sitenote_category":0,"_uf_show_specific_survey":0,"_uf_disable_surveys":false},"product_cat":[128],"product_tag":[],"class_list":{"0":"post-10414","1":"product","2":"type-product","3":"status-publish","4":"has-post-thumbnail","6":"product_cat-uncategorized-fr","9":"outofstock","10":"shipping-taxable","11":"purchasable","12":"product-type-simple"},"_links":{"self":[{"href":"https:\/\/tankawellness.com\/fr\/wp-json\/wp\/v2\/product\/10414","targetHints":{"allow":["GET"]}}],"collection":[{"href":"https:\/\/tankawellness.com\/fr\/wp-json\/wp\/v2\/product"}],"about":[{"href":"https:\/\/tankawellness.com\/fr\/wp-json\/wp\/v2\/types\/product"}],"version-history":[{"count":5,"href":"https:\/\/tankawellness.com\/fr\/wp-json\/wp\/v2\/product\/10414\/revisions"}],"predecessor-version":[{"id":10436,"href":"https:\/\/tankawellness.com\/fr\/wp-json\/wp\/v2\/product\/10414\/revisions\/10436"}],"wp:featuredmedia":[{"embeddable":true,"href":"https:\/\/tankawellness.com\/fr\/wp-json\/wp\/v2\/media\/10416"}],"wp:attachment":[{"href":"https:\/\/tankawellness.com\/fr\/wp-json\/wp\/v2\/media?parent=10414"}],"wp:term":[{"taxonomy":"product_cat","embeddable":true,"href":"https:\/\/tankawellness.com\/fr\/wp-json\/wp\/v2\/product_cat?post=10414"},{"taxonomy":"product_tag","embeddable":true,"href":"https:\/\/tankawellness.com\/fr\/wp-json\/wp\/v2\/product_tag?post=10414"}],"curies":[{"name":"wp","href":"https:\/\/api.w.org\/{rel}","templated":true}]}}