{"id":10411,"date":"2024-05-05T23:18:13","date_gmt":"2024-05-05T23:18:13","guid":{"rendered":"https:\/\/tankawellness.com\/product\/tanka-t-relax\/"},"modified":"2024-08-21T01:18:06","modified_gmt":"2024-08-21T01:18:06","slug":"tanka-t-relax","status":"publish","type":"product","link":"https:\/\/tankawellness.com\/fr\/product\/tanka-t-relax\/","title":{"rendered":"Tanka T-Relax"},"content":{"rendered":"","protected":false},"excerpt":{"rendered":"<p><strong>R\u00c9DUIRE NATURELLEMENT LES SYMPT\u00d4MES DE STRESS ET D&#8217;IRRITABILIT\u00c9<\/strong><\/p>\n<p>L&#8217;huile de val\u00e9riane extraite des racines de Valeriana Officinalis est connue pour ses propri\u00e9t\u00e9s extraordinairement relaxantes. Associ\u00e9e \u00e0 notre formulation, elle r\u00e9duit les sympt\u00f4mes de stress, d&#8217;agitation, de nervosit\u00e9 et d&#8217;irritabilit\u00e9, ce qui se traduit par une am\u00e9lioration du sommeil, un regain d&#8217;\u00e9nergie et une am\u00e9lioration g\u00e9n\u00e9rale du sentiment de bien-\u00eatre.<\/p>\n<div class=\"product_p_img\">\n<p><img decoding=\"async\" src=\"https:\/\/tankawellness.com\/wp-content\/uploads\/2024\/01\/30day.png\" \/>\u00a0 \u00a0 <strong>LIB\u00c9RATION CONTINUE PENDANT 30 JOURS<\/strong><\/p>\n<p><img decoding=\"async\" src=\"https:\/\/tankawellness.com\/wp-content\/uploads\/2024\/01\/water.png\" \/>\u00a0 \u00a0<strong>IMPERM\u00c9ABILIT\u00c9<\/strong><\/p>\n<p><img decoding=\"async\" src=\"https:\/\/tankawellness.com\/wp-content\/uploads\/2024\/01\/gmo.png\" \/>\u00a0 \u00a0<strong>NON-OGM<\/strong><\/p>\n<p><img decoding=\"async\" src=\"https:\/\/tankawellness.com\/wp-content\/uploads\/2024\/01\/hypo-1.png\" \/>\u00a0 \u00a0 <strong>HYPOALLERG\u00c8NE<\/strong><\/p>\n<\/div>\n","protected":false},"featured_media":10413,"template":"","meta":{"inline_featured_image":false,"_monsterinsights_skip_tracking":false,"_monsterinsights_sitenote_active":false,"_monsterinsights_sitenote_note":"","_monsterinsights_sitenote_category":0,"_uf_show_specific_survey":0,"_uf_disable_surveys":false},"product_cat":[128],"product_tag":[],"class_list":{"0":"post-10411","1":"product","2":"type-product","3":"status-publish","4":"has-post-thumbnail","6":"product_cat-uncategorized-fr","9":"outofstock","10":"shipping-taxable","11":"purchasable","12":"product-type-simple"},"_links":{"self":[{"href":"https:\/\/tankawellness.com\/fr\/wp-json\/wp\/v2\/product\/10411","targetHints":{"allow":["GET"]}}],"collection":[{"href":"https:\/\/tankawellness.com\/fr\/wp-json\/wp\/v2\/product"}],"about":[{"href":"https:\/\/tankawellness.com\/fr\/wp-json\/wp\/v2\/types\/product"}],"version-history":[{"count":4,"href":"https:\/\/tankawellness.com\/fr\/wp-json\/wp\/v2\/product\/10411\/revisions"}],"predecessor-version":[{"id":10440,"href":"https:\/\/tankawellness.com\/fr\/wp-json\/wp\/v2\/product\/10411\/revisions\/10440"}],"wp:featuredmedia":[{"embeddable":true,"href":"https:\/\/tankawellness.com\/fr\/wp-json\/wp\/v2\/media\/10413"}],"wp:attachment":[{"href":"https:\/\/tankawellness.com\/fr\/wp-json\/wp\/v2\/media?parent=10411"}],"wp:term":[{"taxonomy":"product_cat","embeddable":true,"href":"https:\/\/tankawellness.com\/fr\/wp-json\/wp\/v2\/product_cat?post=10411"},{"taxonomy":"product_tag","embeddable":true,"href":"https:\/\/tankawellness.com\/fr\/wp-json\/wp\/v2\/product_tag?post=10411"}],"curies":[{"name":"wp","href":"https:\/\/api.w.org\/{rel}","templated":true}]}}