{"id":10408,"date":"2024-05-05T23:24:16","date_gmt":"2024-05-05T23:24:16","guid":{"rendered":"https:\/\/tankawellness.com\/product\/tanka-t-collagen\/"},"modified":"2024-08-21T01:22:25","modified_gmt":"2024-08-21T01:22:25","slug":"tanka-t-collagen","status":"publish","type":"product","link":"https:\/\/tankawellness.com\/fr\/product\/tanka-t-collagen\/","title":{"rendered":"Tanka T-Collagen"},"content":{"rendered":"","protected":false},"excerpt":{"rendered":"<p><strong>COMBATTRE LES EFFETS DU VIEILLISSEMENT<\/strong><\/p>\n<p>Une suppl\u00e9mentation en collag\u00e8ne peut avoir un effet anti-\u00e2ge spectaculaire. Des \u00e9tudes cliniques ont montr\u00e9 que le collag\u00e8ne peut r\u00e9duire les douleurs arthritiques associ\u00e9es au vieillissement, am\u00e9liorer la croissance des cheveux et des ongles et am\u00e9liorer la texture, la fermet\u00e9, l&#8217;\u00e9lasticit\u00e9 et la tonicit\u00e9 de la peau, ce qui entra\u00eene une r\u00e9duction des rides.<\/p>\n<div class=\"product_p_img\">\n<p><img decoding=\"async\" src=\"https:\/\/tankawellness.com\/wp-content\/uploads\/2024\/01\/30day.png\" \/>\u00a0 \u00a0 <strong>LIB\u00c9RATION CONTINUE PENDANT 30 JOURS<\/strong><\/p>\n<p><img decoding=\"async\" src=\"https:\/\/tankawellness.com\/wp-content\/uploads\/2024\/01\/water.png\" \/>\u00a0 \u00a0<strong>IMPERM\u00c9ABILIT\u00c9<\/strong><\/p>\n<p><img decoding=\"async\" src=\"https:\/\/tankawellness.com\/wp-content\/uploads\/2024\/01\/gmo.png\" \/>\u00a0 \u00a0<strong>NON-OGM<\/strong><\/p>\n<p><img decoding=\"async\" src=\"https:\/\/tankawellness.com\/wp-content\/uploads\/2024\/01\/hypo-1.png\" \/>\u00a0 \u00a0 <strong>HYPOALLERG\u00c8NE<\/strong><\/p>\n<\/div>\n","protected":false},"featured_media":10410,"template":"","meta":{"inline_featured_image":false,"_monsterinsights_skip_tracking":false,"_monsterinsights_sitenote_active":false,"_monsterinsights_sitenote_note":"","_monsterinsights_sitenote_category":0,"_uf_show_specific_survey":0,"_uf_disable_surveys":false},"product_cat":[128],"product_tag":[],"class_list":{"0":"post-10408","1":"product","2":"type-product","3":"status-publish","4":"has-post-thumbnail","6":"product_cat-uncategorized-fr","9":"outofstock","10":"shipping-taxable","11":"purchasable","12":"product-type-simple"},"_links":{"self":[{"href":"https:\/\/tankawellness.com\/fr\/wp-json\/wp\/v2\/product\/10408","targetHints":{"allow":["GET"]}}],"collection":[{"href":"https:\/\/tankawellness.com\/fr\/wp-json\/wp\/v2\/product"}],"about":[{"href":"https:\/\/tankawellness.com\/fr\/wp-json\/wp\/v2\/types\/product"}],"version-history":[{"count":4,"href":"https:\/\/tankawellness.com\/fr\/wp-json\/wp\/v2\/product\/10408\/revisions"}],"predecessor-version":[{"id":10444,"href":"https:\/\/tankawellness.com\/fr\/wp-json\/wp\/v2\/product\/10408\/revisions\/10444"}],"wp:featuredmedia":[{"embeddable":true,"href":"https:\/\/tankawellness.com\/fr\/wp-json\/wp\/v2\/media\/10410"}],"wp:attachment":[{"href":"https:\/\/tankawellness.com\/fr\/wp-json\/wp\/v2\/media?parent=10408"}],"wp:term":[{"taxonomy":"product_cat","embeddable":true,"href":"https:\/\/tankawellness.com\/fr\/wp-json\/wp\/v2\/product_cat?post=10408"},{"taxonomy":"product_tag","embeddable":true,"href":"https:\/\/tankawellness.com\/fr\/wp-json\/wp\/v2\/product_tag?post=10408"}],"curies":[{"name":"wp","href":"https:\/\/api.w.org\/{rel}","templated":true}]}}