{"id":10153,"date":"2024-05-05T20:26:14","date_gmt":"2024-05-05T20:26:14","guid":{"rendered":"https:\/\/tankawellness.com\/product\/tanka-t-flex-joint\/"},"modified":"2024-08-20T02:08:45","modified_gmt":"2024-08-20T02:08:45","slug":"tanka-t-flex-joint","status":"publish","type":"product","link":"https:\/\/tankawellness.com\/es\/product\/tanka-t-flex-joint\/","title":{"rendered":"Tanka T-Flex"},"content":{"rendered":"","protected":false},"excerpt":{"rendered":"<p><strong>IMPULSAR LA ARTICULACI\u00d3N, EL TEND\u00d3N, SALUD DE LIGAMENTOS Y M\u00daSCULOS<\/strong><\/p>\n<p>Numerosos estudios cl\u00ednicos han demostrado que nuestra combinaci\u00f3n de suplementos puede aliviar el dolor y la rigidez asociados al deterioro de los tejidos conjuntivo y cartilaginoso, y puede mejorar la movilidad articular, las agujetas y la funcionalidad general.<\/p>\n<div class=\"product_p_img\">\n<p><img decoding=\"async\" src=\"https:\/\/tankawellness.com\/wp-content\/uploads\/2024\/01\/30day.png\" \/>\u00a0 \u00a0<strong>LIBERACI\u00d3N CONTINUA DURANTE 30 D\u00cdAS<\/strong><\/p>\n<p><img decoding=\"async\" src=\"https:\/\/tankawellness.com\/wp-content\/uploads\/2024\/01\/water.png\" \/>\u00a0 \u00a0<strong>IMPERMEABLE<\/strong><\/p>\n<p><img decoding=\"async\" src=\"https:\/\/tankawellness.com\/wp-content\/uploads\/2024\/01\/gmo.png\" \/>\u00a0 \u00a0<strong>NO OMG<\/strong><\/p>\n<p><img decoding=\"async\" src=\"https:\/\/tankawellness.com\/wp-content\/uploads\/2024\/01\/hypo-1.png\" \/>\u00a0 \u00a0<strong>HIPOALERG\u00c9NICO<\/strong><\/p>\n<\/div>\n","protected":false},"featured_media":10154,"template":"","meta":{"inline_featured_image":false,"_monsterinsights_skip_tracking":false,"_monsterinsights_sitenote_active":false,"_monsterinsights_sitenote_note":"","_monsterinsights_sitenote_category":0,"_uf_show_specific_survey":0,"_uf_disable_surveys":false},"product_cat":[119,120,121],"product_tag":[],"class_list":{"0":"post-10153","1":"product","2":"type-product","3":"status-publish","4":"has-post-thumbnail","6":"product_cat-joint-booster-es","7":"product_cat-muscle-health-es","8":"product_cat-tendon-es","11":"outofstock","12":"shipping-taxable","13":"purchasable","14":"product-type-simple"},"_links":{"self":[{"href":"https:\/\/tankawellness.com\/es\/wp-json\/wp\/v2\/product\/10153","targetHints":{"allow":["GET"]}}],"collection":[{"href":"https:\/\/tankawellness.com\/es\/wp-json\/wp\/v2\/product"}],"about":[{"href":"https:\/\/tankawellness.com\/es\/wp-json\/wp\/v2\/types\/product"}],"version-history":[{"count":5,"href":"https:\/\/tankawellness.com\/es\/wp-json\/wp\/v2\/product\/10153\/revisions"}],"predecessor-version":[{"id":10175,"href":"https:\/\/tankawellness.com\/es\/wp-json\/wp\/v2\/product\/10153\/revisions\/10175"}],"wp:featuredmedia":[{"embeddable":true,"href":"https:\/\/tankawellness.com\/es\/wp-json\/wp\/v2\/media\/10154"}],"wp:attachment":[{"href":"https:\/\/tankawellness.com\/es\/wp-json\/wp\/v2\/media?parent=10153"}],"wp:term":[{"taxonomy":"product_cat","embeddable":true,"href":"https:\/\/tankawellness.com\/es\/wp-json\/wp\/v2\/product_cat?post=10153"},{"taxonomy":"product_tag","embeddable":true,"href":"https:\/\/tankawellness.com\/es\/wp-json\/wp\/v2\/product_tag?post=10153"}],"curies":[{"name":"wp","href":"https:\/\/api.w.org\/{rel}","templated":true}]}}