{"id":10150,"date":"2024-05-05T23:06:14","date_gmt":"2024-05-05T23:06:14","guid":{"rendered":"https:\/\/tankawellness.com\/product\/tanka-t-migraine\/"},"modified":"2024-08-20T01:57:29","modified_gmt":"2024-08-20T01:57:29","slug":"tanka-t-migraine","status":"publish","type":"product","link":"https:\/\/tankawellness.com\/es\/product\/tanka-t-migraine\/","title":{"rendered":"Tanka T-Migraine"},"content":{"rendered":"","protected":false},"excerpt":{"rendered":"<p><strong>PREVENCI\u00d3N NATURAL DE LA MIGRA\u00d1A<\/strong><\/p>\n<p>En los \u00faltimos a\u00f1os, los ensayos cl\u00ednicos en humanos han demostrado que la suplementaci\u00f3n con dosis espec\u00edficas de las hierbas petasita y matricaria puede reducir la frecuencia de los ataques de migra\u00f1a en al menos un 50 por ciento en las personas que los padecen.<\/p>\n<div class=\"product_p_img\">\n<p><img decoding=\"async\" src=\"https:\/\/tankawellness.com\/wp-content\/uploads\/2024\/01\/30day.png\" \/>\u00a0 \u00a0<strong>LIBERACI\u00d3N CONTINUA DURANTE 30 D\u00cdAS<\/strong><\/p>\n<p><img decoding=\"async\" src=\"https:\/\/tankawellness.com\/wp-content\/uploads\/2024\/01\/water.png\" \/>\u00a0 \u00a0<strong>IMPERMEABLE<\/strong><\/p>\n<p><img decoding=\"async\" src=\"https:\/\/tankawellness.com\/wp-content\/uploads\/2024\/01\/gmo.png\" \/>\u00a0 \u00a0<strong>NO OMG<\/strong><\/p>\n<p><img decoding=\"async\" src=\"https:\/\/tankawellness.com\/wp-content\/uploads\/2024\/01\/hypo-1.png\" \/>\u00a0 \u00a0<strong>HIPOALERG\u00c9NICO<\/strong><\/p>\n<\/div>\n","protected":false},"featured_media":10152,"template":"","meta":{"inline_featured_image":false,"_monsterinsights_skip_tracking":false,"_monsterinsights_sitenote_active":false,"_monsterinsights_sitenote_note":"","_monsterinsights_sitenote_category":0,"_uf_show_specific_survey":0,"_uf_disable_surveys":false},"product_cat":[118],"product_tag":[],"class_list":{"0":"post-10150","1":"product","2":"type-product","3":"status-publish","4":"has-post-thumbnail","6":"product_cat-uncategorized-es","9":"outofstock","10":"shipping-taxable","11":"purchasable","12":"product-type-simple"},"_links":{"self":[{"href":"https:\/\/tankawellness.com\/es\/wp-json\/wp\/v2\/product\/10150","targetHints":{"allow":["GET"]}}],"collection":[{"href":"https:\/\/tankawellness.com\/es\/wp-json\/wp\/v2\/product"}],"about":[{"href":"https:\/\/tankawellness.com\/es\/wp-json\/wp\/v2\/types\/product"}],"version-history":[{"count":4,"href":"https:\/\/tankawellness.com\/es\/wp-json\/wp\/v2\/product\/10150\/revisions"}],"predecessor-version":[{"id":10170,"href":"https:\/\/tankawellness.com\/es\/wp-json\/wp\/v2\/product\/10150\/revisions\/10170"}],"wp:featuredmedia":[{"embeddable":true,"href":"https:\/\/tankawellness.com\/es\/wp-json\/wp\/v2\/media\/10152"}],"wp:attachment":[{"href":"https:\/\/tankawellness.com\/es\/wp-json\/wp\/v2\/media?parent=10150"}],"wp:term":[{"taxonomy":"product_cat","embeddable":true,"href":"https:\/\/tankawellness.com\/es\/wp-json\/wp\/v2\/product_cat?post=10150"},{"taxonomy":"product_tag","embeddable":true,"href":"https:\/\/tankawellness.com\/es\/wp-json\/wp\/v2\/product_tag?post=10150"}],"curies":[{"name":"wp","href":"https:\/\/api.w.org\/{rel}","templated":true}]}}