{"id":10147,"date":"2024-05-05T23:16:06","date_gmt":"2024-05-05T23:16:06","guid":{"rendered":"https:\/\/tankawellness.com\/product\/tanka-t-mood\/"},"modified":"2024-08-20T01:52:40","modified_gmt":"2024-08-20T01:52:40","slug":"tanka-t-mood","status":"publish","type":"product","link":"https:\/\/tankawellness.com\/es\/product\/tanka-t-mood\/","title":{"rendered":"Tanka T-Mood"},"content":{"rendered":"","protected":false},"excerpt":{"rendered":"<p><strong>MEJORAR EL ESTADO DE \u00c1NIMO Y LOS NIVELES DE ENERG\u00cdA<\/strong><\/p>\n<p>Nuestra pulsera T-Mood Wellness le ofrece la comodidad y la facilidad de una sensaci\u00f3n de relajaci\u00f3n y ausencia de estr\u00e9s, lo que se traduce en una mejora del sue\u00f1o, un aumento de los niveles de energ\u00eda, una mejora del estado de \u00e1nimo y de la funcionalidad en general.<\/p>\n<div class=\"product_p_img\">\n<p><img decoding=\"async\" src=\"https:\/\/tankawellness.com\/wp-content\/uploads\/2024\/01\/30day.png\" \/>\u00a0 \u00a0<strong>LIBERACI\u00d3N CONTINUA DURANTE 30 D\u00cdAS<\/strong><\/p>\n<p><img decoding=\"async\" src=\"https:\/\/tankawellness.com\/wp-content\/uploads\/2024\/01\/water.png\" \/>\u00a0 \u00a0<strong>IMPERMEABLE<\/strong><\/p>\n<p><img decoding=\"async\" src=\"https:\/\/tankawellness.com\/wp-content\/uploads\/2024\/01\/gmo.png\" \/>\u00a0 \u00a0<strong>NO OMG<\/strong><\/p>\n<p><img decoding=\"async\" src=\"https:\/\/tankawellness.com\/wp-content\/uploads\/2024\/01\/hypo-1.png\" \/>\u00a0 \u00a0<strong>HIPOALERG\u00c9NICO<\/strong><\/p>\n<\/div>\n","protected":false},"featured_media":10149,"template":"","meta":{"inline_featured_image":false,"_monsterinsights_skip_tracking":false,"_monsterinsights_sitenote_active":false,"_monsterinsights_sitenote_note":"","_monsterinsights_sitenote_category":0,"_uf_show_specific_survey":0,"_uf_disable_surveys":false},"product_cat":[118],"product_tag":[],"class_list":{"0":"post-10147","1":"product","2":"type-product","3":"status-publish","4":"has-post-thumbnail","6":"product_cat-uncategorized-es","9":"outofstock","10":"shipping-taxable","11":"purchasable","12":"product-type-simple"},"_links":{"self":[{"href":"https:\/\/tankawellness.com\/es\/wp-json\/wp\/v2\/product\/10147","targetHints":{"allow":["GET"]}}],"collection":[{"href":"https:\/\/tankawellness.com\/es\/wp-json\/wp\/v2\/product"}],"about":[{"href":"https:\/\/tankawellness.com\/es\/wp-json\/wp\/v2\/types\/product"}],"version-history":[{"count":4,"href":"https:\/\/tankawellness.com\/es\/wp-json\/wp\/v2\/product\/10147\/revisions"}],"predecessor-version":[{"id":10166,"href":"https:\/\/tankawellness.com\/es\/wp-json\/wp\/v2\/product\/10147\/revisions\/10166"}],"wp:featuredmedia":[{"embeddable":true,"href":"https:\/\/tankawellness.com\/es\/wp-json\/wp\/v2\/media\/10149"}],"wp:attachment":[{"href":"https:\/\/tankawellness.com\/es\/wp-json\/wp\/v2\/media?parent=10147"}],"wp:term":[{"taxonomy":"product_cat","embeddable":true,"href":"https:\/\/tankawellness.com\/es\/wp-json\/wp\/v2\/product_cat?post=10147"},{"taxonomy":"product_tag","embeddable":true,"href":"https:\/\/tankawellness.com\/es\/wp-json\/wp\/v2\/product_tag?post=10147"}],"curies":[{"name":"wp","href":"https:\/\/api.w.org\/{rel}","templated":true}]}}