{"id":10923,"date":"2024-05-05T23:18:13","date_gmt":"2024-05-05T23:18:13","guid":{"rendered":"https:\/\/tankawellness.com\/product\/tanka-t-relax\/"},"modified":"2024-08-24T09:21:27","modified_gmt":"2024-08-24T09:21:27","slug":"tanka-t-relax","status":"publish","type":"product","link":"https:\/\/tankawellness.com\/de\/product\/tanka-t-relax\/","title":{"rendered":"Tanka T-Relax"},"content":{"rendered":"","protected":false},"excerpt":{"rendered":"<p><strong>AUF NAT\u00dcRLICHE WEISE DIE SYMPTOME VON STRESS UND REIZBARKEIT ZU REDUZIEREN<\/strong><\/p>\n<p>Baldrian\u00f6l, das aus den Wurzeln von Valeriana Officinalis gewonnen wird, ist f\u00fcr seine au\u00dferordentlich entspannenden Eigenschaften bekannt und reduziert in unserer Rezeptur die Symptome von Stress, Unruhe, Rastlosigkeit und Reizbarkeit, was zu besserem Schlaf, mehr Energie und einem insgesamt verbesserten Wohlbefinden f\u00fchrt.<\/p>\n<div class=\"product_p_img\">\n<p><img decoding=\"async\" src=\"https:\/\/tankawellness.com\/wp-content\/uploads\/2024\/01\/30day.png\" \/>\u00a0 \u00a0 <strong>30-T\u00c4GIGE KONTINUIERLICHE FREIGABE<\/strong><\/p>\n<p><img decoding=\"async\" src=\"https:\/\/tankawellness.com\/wp-content\/uploads\/2024\/01\/water.png\" \/>\u00a0 \u00a0<strong>WASSERDICHT<\/strong><\/p>\n<p><img decoding=\"async\" src=\"https:\/\/tankawellness.com\/wp-content\/uploads\/2024\/01\/gmo.png\" \/>\u00a0 \u00a0<strong>GENTECHNIKFREI<\/strong><\/p>\n<p><img decoding=\"async\" src=\"https:\/\/tankawellness.com\/wp-content\/uploads\/2024\/01\/hypo-1.png\" \/>\u00a0 \u00a0 <strong>HYPOALLERGEN<\/strong><\/p>\n<\/div>\n","protected":false},"featured_media":10925,"template":"","meta":{"inline_featured_image":false,"_monsterinsights_skip_tracking":false,"_monsterinsights_sitenote_active":false,"_monsterinsights_sitenote_note":"","_monsterinsights_sitenote_category":0,"_uf_show_specific_survey":0,"_uf_disable_surveys":false},"product_cat":[144],"product_tag":[],"class_list":{"0":"post-10923","1":"product","2":"type-product","3":"status-publish","4":"has-post-thumbnail","6":"product_cat-uncategorized-de","9":"outofstock","10":"shipping-taxable","11":"purchasable","12":"product-type-simple"},"_links":{"self":[{"href":"https:\/\/tankawellness.com\/de\/wp-json\/wp\/v2\/product\/10923","targetHints":{"allow":["GET"]}}],"collection":[{"href":"https:\/\/tankawellness.com\/de\/wp-json\/wp\/v2\/product"}],"about":[{"href":"https:\/\/tankawellness.com\/de\/wp-json\/wp\/v2\/types\/product"}],"version-history":[{"count":3,"href":"https:\/\/tankawellness.com\/de\/wp-json\/wp\/v2\/product\/10923\/revisions"}],"predecessor-version":[{"id":10959,"href":"https:\/\/tankawellness.com\/de\/wp-json\/wp\/v2\/product\/10923\/revisions\/10959"}],"wp:featuredmedia":[{"embeddable":true,"href":"https:\/\/tankawellness.com\/de\/wp-json\/wp\/v2\/media\/10925"}],"wp:attachment":[{"href":"https:\/\/tankawellness.com\/de\/wp-json\/wp\/v2\/media?parent=10923"}],"wp:term":[{"taxonomy":"product_cat","embeddable":true,"href":"https:\/\/tankawellness.com\/de\/wp-json\/wp\/v2\/product_cat?post=10923"},{"taxonomy":"product_tag","embeddable":true,"href":"https:\/\/tankawellness.com\/de\/wp-json\/wp\/v2\/product_tag?post=10923"}],"curies":[{"name":"wp","href":"https:\/\/api.w.org\/{rel}","templated":true}]}}