{"id":10917,"date":"2024-05-05T23:24:16","date_gmt":"2024-05-05T23:24:16","guid":{"rendered":"https:\/\/tankawellness.com\/product\/tanka-t-collagen\/"},"modified":"2024-08-24T09:26:32","modified_gmt":"2024-08-24T09:26:32","slug":"tanka-t-collagen","status":"publish","type":"product","link":"https:\/\/tankawellness.com\/de\/product\/tanka-t-collagen\/","title":{"rendered":"Tanka T-Collagen"},"content":{"rendered":"","protected":false},"excerpt":{"rendered":"<p><strong>BEK\u00c4MPFUNG DER AUSWIRKUNGEN DES ALTERNS<\/strong><\/p>\n<p>Eine Supplementierung mit Kollagen kann einen dramatischen Anti-Aging-Effekt haben. Klinische Studien haben gezeigt, dass Kollagen altersbedingte arthritische Schmerzen lindern, das Wachstum von Haaren und N\u00e4geln verbessern und die Textur, Festigkeit, Elastizit\u00e4t und Spannkraft der Haut verbessern kann, was zu einer Verringerung von Falten f\u00fchrt.<\/p>\n<div class=\"product_p_img\">\n<p><img decoding=\"async\" src=\"https:\/\/tankawellness.com\/wp-content\/uploads\/2024\/01\/30day.png\" \/>\u00a0 \u00a0 <strong>30-T\u00c4GIGE KONTINUIERLICHE FREIGABE<\/strong><\/p>\n<p><img decoding=\"async\" src=\"https:\/\/tankawellness.com\/wp-content\/uploads\/2024\/01\/water.png\" \/>\u00a0 \u00a0<strong>WASSERDICHT<\/strong><\/p>\n<p><img decoding=\"async\" src=\"https:\/\/tankawellness.com\/wp-content\/uploads\/2024\/01\/gmo.png\" \/>\u00a0 \u00a0<strong>GENTECHNIKFREI<\/strong><\/p>\n<p><img decoding=\"async\" src=\"https:\/\/tankawellness.com\/wp-content\/uploads\/2024\/01\/hypo-1.png\" \/>\u00a0 \u00a0 <strong>HYPOALLERGEN<\/strong><\/p>\n<\/div>\n","protected":false},"featured_media":10919,"template":"","meta":{"inline_featured_image":false,"_monsterinsights_skip_tracking":false,"_monsterinsights_sitenote_active":false,"_monsterinsights_sitenote_note":"","_monsterinsights_sitenote_category":0,"_uf_show_specific_survey":0,"_uf_disable_surveys":false},"product_cat":[144],"product_tag":[],"class_list":{"0":"post-10917","1":"product","2":"type-product","3":"status-publish","4":"has-post-thumbnail","6":"product_cat-uncategorized-de","9":"outofstock","10":"shipping-taxable","11":"purchasable","12":"product-type-simple"},"_links":{"self":[{"href":"https:\/\/tankawellness.com\/de\/wp-json\/wp\/v2\/product\/10917","targetHints":{"allow":["GET"]}}],"collection":[{"href":"https:\/\/tankawellness.com\/de\/wp-json\/wp\/v2\/product"}],"about":[{"href":"https:\/\/tankawellness.com\/de\/wp-json\/wp\/v2\/types\/product"}],"version-history":[{"count":4,"href":"https:\/\/tankawellness.com\/de\/wp-json\/wp\/v2\/product\/10917\/revisions"}],"predecessor-version":[{"id":10963,"href":"https:\/\/tankawellness.com\/de\/wp-json\/wp\/v2\/product\/10917\/revisions\/10963"}],"wp:featuredmedia":[{"embeddable":true,"href":"https:\/\/tankawellness.com\/de\/wp-json\/wp\/v2\/media\/10919"}],"wp:attachment":[{"href":"https:\/\/tankawellness.com\/de\/wp-json\/wp\/v2\/media?parent=10917"}],"wp:term":[{"taxonomy":"product_cat","embeddable":true,"href":"https:\/\/tankawellness.com\/de\/wp-json\/wp\/v2\/product_cat?post=10917"},{"taxonomy":"product_tag","embeddable":true,"href":"https:\/\/tankawellness.com\/de\/wp-json\/wp\/v2\/product_tag?post=10917"}],"curies":[{"name":"wp","href":"https:\/\/api.w.org\/{rel}","templated":true}]}}