{"id":9908,"date":"2024-05-05T20:26:14","date_gmt":"2024-05-05T20:26:14","guid":{"rendered":"https:\/\/tankawellness.com\/product\/tanka-t-flex-joint\/"},"modified":"2024-08-17T17:49:57","modified_gmt":"2024-08-17T17:49:57","slug":"tanka-t-flex-joint","status":"publish","type":"product","link":"https:\/\/tankawellness.com\/cs\/product\/tanka-t-flex-joint\/","title":{"rendered":"Tanka T-Flex"},"content":{"rendered":"","protected":false},"excerpt":{"rendered":"<p><strong>POSILUJE ZDRAV\u00cd KLOUB\u016e, \u0160LACH, VAZ\u016e A SVAL\u016e<\/strong><\/p>\n<p>\u010cetn\u00e9 klinick\u00e9 studie prok\u00e1zaly, \u017ee na\u0161e kombinace dopl\u0148k\u016f stravy m\u016f\u017ee p\u0159in\u00e9st \u00falevu od bolesti a ztuhlosti spojen\u00e9 s po\u0161kozen\u00edm pojivov\u00fdch a chrupav\u010dit\u00fdch tk\u00e1n\u00ed a m\u016f\u017ee zlep\u0161it pohyblivost kloub\u016f, bolestivost sval\u016f a celkovou funk\u010dnost.<\/p>\n<div class=\"product_p_img\">\n<p><img decoding=\"async\" src=\"https:\/\/tankawellness.com\/wp-content\/uploads\/2024\/01\/30day.png\" \/>\u00a0 \u00a0<strong>30DENN\u00cd KONTINU\u00c1LN\u00cd UVOL\u0147OV\u00c1N\u00cd<\/strong><\/p>\n<p><img decoding=\"async\" src=\"https:\/\/tankawellness.com\/wp-content\/uploads\/2024\/01\/water.png\" \/>\u00a0 \u00a0<strong>VOD\u011a ODOLN\u00dd<\/strong><\/p>\n<p><img decoding=\"async\" src=\"https:\/\/tankawellness.com\/wp-content\/uploads\/2024\/01\/gmo.png\" \/>\u00a0 \u00a0<strong>BEZ-GMO ( neobsahuje geneticky modifikovan\u00e9 materi\u00e1ly )<\/strong><\/p>\n<p><img decoding=\"async\" src=\"https:\/\/tankawellness.com\/wp-content\/uploads\/2024\/01\/hypo-1.png\" \/>\u00a0 \u00a0<strong>HYPOALERGENN\u00cd<\/strong><\/p>\n<\/div>\n","protected":false},"featured_media":9729,"template":"","meta":{"inline_featured_image":false,"_monsterinsights_skip_tracking":false,"_monsterinsights_sitenote_active":false,"_monsterinsights_sitenote_note":"","_monsterinsights_sitenote_category":0,"_uf_show_specific_survey":0,"_uf_disable_surveys":false},"product_cat":[109,110,111],"product_tag":[],"class_list":{"0":"post-9908","1":"product","2":"type-product","3":"status-publish","4":"has-post-thumbnail","6":"product_cat-joint-booster-cs","7":"product_cat-muscle-health-cs","8":"product_cat-tendon-cs","11":"outofstock","12":"shipping-taxable","13":"purchasable","14":"product-type-simple"},"_links":{"self":[{"href":"https:\/\/tankawellness.com\/cs\/wp-json\/wp\/v2\/product\/9908","targetHints":{"allow":["GET"]}}],"collection":[{"href":"https:\/\/tankawellness.com\/cs\/wp-json\/wp\/v2\/product"}],"about":[{"href":"https:\/\/tankawellness.com\/cs\/wp-json\/wp\/v2\/types\/product"}],"version-history":[{"count":3,"href":"https:\/\/tankawellness.com\/cs\/wp-json\/wp\/v2\/product\/9908\/revisions"}],"predecessor-version":[{"id":9924,"href":"https:\/\/tankawellness.com\/cs\/wp-json\/wp\/v2\/product\/9908\/revisions\/9924"}],"wp:featuredmedia":[{"embeddable":true,"href":"https:\/\/tankawellness.com\/cs\/wp-json\/wp\/v2\/media\/9729"}],"wp:attachment":[{"href":"https:\/\/tankawellness.com\/cs\/wp-json\/wp\/v2\/media?parent=9908"}],"wp:term":[{"taxonomy":"product_cat","embeddable":true,"href":"https:\/\/tankawellness.com\/cs\/wp-json\/wp\/v2\/product_cat?post=9908"},{"taxonomy":"product_tag","embeddable":true,"href":"https:\/\/tankawellness.com\/cs\/wp-json\/wp\/v2\/product_tag?post=9908"}],"curies":[{"name":"wp","href":"https:\/\/api.w.org\/{rel}","templated":true}]}}