{"id":9907,"date":"2024-05-05T23:06:14","date_gmt":"2024-05-05T23:06:14","guid":{"rendered":"https:\/\/tankawellness.com\/product\/tanka-t-migraine\/"},"modified":"2024-08-19T16:14:19","modified_gmt":"2024-08-19T16:14:19","slug":"tanka-t-migraine","status":"publish","type":"product","link":"https:\/\/tankawellness.com\/cs\/product\/tanka-t-migraine\/","title":{"rendered":"Tanka T-Migraine"},"content":{"rendered":"","protected":false},"excerpt":{"rendered":"<p><strong>P\u0158\u00cdRODN\u00cd PREVENCE MIGR\u00c9NY<\/strong><\/p>\n<p>V posledn\u00edch letech klinick\u00e9 studie na lidech prok\u00e1zaly, \u017ee pod\u00e1v\u00e1n\u00ed specifick\u00fdch d\u00e1vek l\u00e9\u010div\u00fdch bylin pupalky dvoulet\u00e9 a hore\u010dky dvoulet\u00e9 m\u016f\u017ee u osob trp\u00edc\u00edch migr\u00e9nou sn\u00ed\u017eit \u010detnost migren\u00f3zn\u00edch z\u00e1chvat\u016f nejm\u00e9n\u011b o 50 %.<\/p>\n<div class=\"product_p_img\">\n<p><img decoding=\"async\" src=\"https:\/\/tankawellness.com\/wp-content\/uploads\/2024\/01\/30day.png\" \/>\u00a0 \u00a0<strong>30-DAY CONTINUOUS RELEASE<\/strong><\/p>\n<p><img decoding=\"async\" src=\"https:\/\/tankawellness.com\/wp-content\/uploads\/2024\/01\/water.png\" \/>\u00a0 \u00a0<strong>WATERPROOF<\/strong><\/p>\n<p><img decoding=\"async\" src=\"https:\/\/tankawellness.com\/wp-content\/uploads\/2024\/01\/gmo.png\" \/>\u00a0 \u00a0<strong>NON-GMO<\/strong><\/p>\n<p><img decoding=\"async\" src=\"https:\/\/tankawellness.com\/wp-content\/uploads\/2024\/01\/hypo-1.png\" \/>\u00a0 \u00a0<strong>HYPOALLERGENIC<\/strong><\/p>\n<\/div>\n","protected":false},"featured_media":9730,"template":"","meta":{"inline_featured_image":false,"_monsterinsights_skip_tracking":false,"_monsterinsights_sitenote_active":false,"_monsterinsights_sitenote_note":"","_monsterinsights_sitenote_category":0,"_uf_show_specific_survey":0,"_uf_disable_surveys":false},"product_cat":[108],"product_tag":[],"class_list":{"0":"post-9907","1":"product","2":"type-product","3":"status-publish","4":"has-post-thumbnail","6":"product_cat-uncategorized-cs","9":"outofstock","10":"shipping-taxable","11":"purchasable","12":"product-type-simple"},"_links":{"self":[{"href":"https:\/\/tankawellness.com\/cs\/wp-json\/wp\/v2\/product\/9907","targetHints":{"allow":["GET"]}}],"collection":[{"href":"https:\/\/tankawellness.com\/cs\/wp-json\/wp\/v2\/product"}],"about":[{"href":"https:\/\/tankawellness.com\/cs\/wp-json\/wp\/v2\/types\/product"}],"version-history":[{"count":5,"href":"https:\/\/tankawellness.com\/cs\/wp-json\/wp\/v2\/product\/9907\/revisions"}],"predecessor-version":[{"id":9942,"href":"https:\/\/tankawellness.com\/cs\/wp-json\/wp\/v2\/product\/9907\/revisions\/9942"}],"wp:featuredmedia":[{"embeddable":true,"href":"https:\/\/tankawellness.com\/cs\/wp-json\/wp\/v2\/media\/9730"}],"wp:attachment":[{"href":"https:\/\/tankawellness.com\/cs\/wp-json\/wp\/v2\/media?parent=9907"}],"wp:term":[{"taxonomy":"product_cat","embeddable":true,"href":"https:\/\/tankawellness.com\/cs\/wp-json\/wp\/v2\/product_cat?post=9907"},{"taxonomy":"product_tag","embeddable":true,"href":"https:\/\/tankawellness.com\/cs\/wp-json\/wp\/v2\/product_tag?post=9907"}],"curies":[{"name":"wp","href":"https:\/\/api.w.org\/{rel}","templated":true}]}}