{"id":9905,"date":"2024-05-05T23:18:13","date_gmt":"2024-05-05T23:18:13","guid":{"rendered":"https:\/\/tankawellness.com\/product\/tanka-t-relax\/"},"modified":"2024-08-17T17:25:02","modified_gmt":"2024-08-17T17:25:02","slug":"tanka-t-relax","status":"publish","type":"product","link":"https:\/\/tankawellness.com\/cs\/product\/tanka-t-relax\/","title":{"rendered":"Tanka T-Relax"},"content":{"rendered":"","protected":false},"excerpt":{"rendered":"<p><strong>P\u0158IROZEN\u00c9 SN\u00cd\u017dEN\u00cd P\u0158\u00cdZNAK\u016e<\/strong><\/p>\n<p>Kozl\u00edk l\u00e9ka\u0159sk\u00fd olej p\u0159ipraven\u00fd v p\u00e1\u0159e z ko\u0159en\u016f kozl\u00edku l\u00e9ka\u0159sk\u00e9ho (Valeriana Officinalis) je zn\u00e1m\u00fd sv\u00fdmi mimo\u0159\u00e1dn\u011b relaxa\u010dn\u00edmi vlastnostmi a v kombinaci s na\u0161\u00edm p\u0159\u00edpravkem sni\u017euje p\u0159\u00edznaky stresu, rozru\u0161en\u00ed, neklidu a podr\u00e1\u017ed\u011bnosti, co\u017e vede ke zlep\u0161en\u00ed sp\u00e1nku, zv\u00fd\u0161en\u00ed energie a celkov\u00e9mu zlep\u0161en\u00ed pocitu pohody.<\/p>\n<div class=\"product_p_img\">\n<p><img decoding=\"async\" src=\"https:\/\/tankawellness.com\/wp-content\/uploads\/2024\/01\/30day.png\" \/>\u00a0 \u00a0<strong>30DENN\u00cd KONTINU\u00c1LN\u00cd UVOL\u0147OV\u00c1N\u00cd<\/strong><\/p>\n<p><img decoding=\"async\" src=\"https:\/\/tankawellness.com\/wp-content\/uploads\/2024\/01\/water.png\" \/>\u00a0 \u00a0<strong>VOD\u011a ODOLN\u00dd<\/strong><\/p>\n<p><img decoding=\"async\" src=\"https:\/\/tankawellness.com\/wp-content\/uploads\/2024\/01\/gmo.png\" \/>\u00a0 \u00a0<strong>BEZ-GMO ( neobsahuje geneticky modifikovan\u00e9 materi\u00e1ly )<\/strong><\/p>\n<p><img decoding=\"async\" src=\"https:\/\/tankawellness.com\/wp-content\/uploads\/2024\/01\/hypo-1.png\" \/>\u00a0 \u00a0<strong>HYPOALERGEN\u00cd<\/strong><\/p>\n<\/div>\n","protected":false},"featured_media":9732,"template":"","meta":{"inline_featured_image":false,"_monsterinsights_skip_tracking":false,"_monsterinsights_sitenote_active":false,"_monsterinsights_sitenote_note":"","_monsterinsights_sitenote_category":0,"_uf_show_specific_survey":0,"_uf_disable_surveys":false},"product_cat":[108],"product_tag":[],"class_list":{"0":"post-9905","1":"product","2":"type-product","3":"status-publish","4":"has-post-thumbnail","6":"product_cat-uncategorized-cs","9":"outofstock","10":"shipping-taxable","11":"purchasable","12":"product-type-simple"},"_links":{"self":[{"href":"https:\/\/tankawellness.com\/cs\/wp-json\/wp\/v2\/product\/9905","targetHints":{"allow":["GET"]}}],"collection":[{"href":"https:\/\/tankawellness.com\/cs\/wp-json\/wp\/v2\/product"}],"about":[{"href":"https:\/\/tankawellness.com\/cs\/wp-json\/wp\/v2\/types\/product"}],"version-history":[{"count":6,"href":"https:\/\/tankawellness.com\/cs\/wp-json\/wp\/v2\/product\/9905\/revisions"}],"predecessor-version":[{"id":9914,"href":"https:\/\/tankawellness.com\/cs\/wp-json\/wp\/v2\/product\/9905\/revisions\/9914"}],"wp:featuredmedia":[{"embeddable":true,"href":"https:\/\/tankawellness.com\/cs\/wp-json\/wp\/v2\/media\/9732"}],"wp:attachment":[{"href":"https:\/\/tankawellness.com\/cs\/wp-json\/wp\/v2\/media?parent=9905"}],"wp:term":[{"taxonomy":"product_cat","embeddable":true,"href":"https:\/\/tankawellness.com\/cs\/wp-json\/wp\/v2\/product_cat?post=9905"},{"taxonomy":"product_tag","embeddable":true,"href":"https:\/\/tankawellness.com\/cs\/wp-json\/wp\/v2\/product_tag?post=9905"}],"curies":[{"name":"wp","href":"https:\/\/api.w.org\/{rel}","templated":true}]}}