{"id":9821,"date":"2022-01-04T13:37:48","date_gmt":"2022-01-04T13:37:48","guid":{"rendered":"https:\/\/tankawellness.com\/faqs\/"},"modified":"2024-08-15T19:46:00","modified_gmt":"2024-08-15T19:46:00","slug":"faqs","status":"publish","type":"page","link":"https:\/\/tankawellness.com\/cs\/faqs\/","title":{"rendered":"FAQs"},"content":{"rendered":"\t\t<div data-elementor-type=\"wp-page\" data-elementor-id=\"9821\" class=\"elementor elementor-9821 elementor-415\">\n\t\t\t\t\t\t\t\t\t<section class=\"elementor-section elementor-top-section elementor-element elementor-element-d7ea1df elementor-section-stretched elementor-section-full_width elementor-section-height-min-height elementor-section-height-default elementor-section-items-middle\" data-id=\"d7ea1df\" data-element_type=\"section\" data-settings=\"{&quot;stretch_section&quot;:&quot;section-stretched&quot;,&quot;background_background&quot;:&quot;classic&quot;}\">\n\t\t\t\t\t\t<div class=\"elementor-container elementor-column-gap-default\">\n\t\t\t\t\t<div class=\"elementor-column elementor-col-100 elementor-top-column elementor-element elementor-element-47e92cf\" data-id=\"47e92cf\" data-element_type=\"column\">\n\t\t\t<div class=\"elementor-widget-wrap elementor-element-populated\">\n\t\t\t\t\t\t\t\t<section class=\"elementor-section elementor-inner-section elementor-element elementor-element-dc65e89 elementor-section-boxed elementor-section-height-default elementor-section-height-default\" data-id=\"dc65e89\" data-element_type=\"section\">\n\t\t\t\t\t\t<div class=\"elementor-container elementor-column-gap-default\">\n\t\t\t\t\t<div class=\"elementor-column elementor-col-100 elementor-inner-column elementor-element elementor-element-820cd03\" data-id=\"820cd03\" data-element_type=\"column\">\n\t\t\t<div class=\"elementor-widget-wrap elementor-element-populated\">\n\t\t\t\t\t\t\t\t<div class=\"elementor-element elementor-element-6f502a6 align-center elementor-widget elementor-widget-tbay-heading\" data-id=\"6f502a6\" data-element_type=\"widget\" data-widget_type=\"tbay-heading.default\">\n\t\t\t\t<div class=\"elementor-widget-container\">\n\t\t\t\r\n<div class=\"tbay-element tbay-element-heading\">\r\n\t            <h3 class=\"heading-tbay-title style-2\">\r\n                <span class=\"title\">\u010casto kladen\u00e9 ot\u00e1zky<\/span>            <\/h3>\r\n        <\/div>\t\t<\/div>\n\t\t\t\t<\/div>\n\t\t\t\t\t<\/div>\n\t\t<\/div>\n\t\t\t\t\t\t\t<\/div>\n\t\t<\/section>\n\t\t\t\t\t<\/div>\n\t\t<\/div>\n\t\t\t\t\t\t\t<\/div>\n\t\t<\/section>\n\t\t\t\t<section class=\"elementor-section elementor-top-section elementor-element elementor-element-e75d54f elementor-section-stretched elementor-section-boxed elementor-section-height-default elementor-section-height-default\" data-id=\"e75d54f\" data-element_type=\"section\" data-settings=\"{&quot;stretch_section&quot;:&quot;section-stretched&quot;}\">\n\t\t\t\t\t\t<div class=\"elementor-container elementor-column-gap-default\">\n\t\t\t\t\t<div class=\"elementor-column elementor-col-16 elementor-top-column elementor-element elementor-element-84fc2db\" data-id=\"84fc2db\" data-element_type=\"column\">\n\t\t\t<div class=\"elementor-widget-wrap\">\n\t\t\t\t\t\t\t\t\t<\/div>\n\t\t<\/div>\n\t\t\t\t<div class=\"elementor-column elementor-col-66 elementor-top-column elementor-element elementor-element-8b09d1d\" data-id=\"8b09d1d\" data-element_type=\"column\">\n\t\t\t<div class=\"elementor-widget-wrap elementor-element-populated\">\n\t\t\t\t\t\t\t\t<div class=\"elementor-element elementor-element-7337383 elementor-widget elementor-widget-heading\" data-id=\"7337383\" data-element_type=\"widget\" data-widget_type=\"heading.default\">\n\t\t\t\t<div class=\"elementor-widget-container\">\n\t\t\t<style>\/*! elementor - v3.18.0 - 20-12-2023 *\/\n.elementor-heading-title{padding:0;margin:0;line-height:1}.elementor-widget-heading .elementor-heading-title[class*=elementor-size-]>a{color:inherit;font-size:inherit;line-height:inherit}.elementor-widget-heading .elementor-heading-title.elementor-size-small{font-size:15px}.elementor-widget-heading .elementor-heading-title.elementor-size-medium{font-size:19px}.elementor-widget-heading .elementor-heading-title.elementor-size-large{font-size:29px}.elementor-widget-heading .elementor-heading-title.elementor-size-xl{font-size:39px}.elementor-widget-heading .elementor-heading-title.elementor-size-xxl{font-size:59px}<\/style><h3 class=\"elementor-heading-title elementor-size-default\">1. Jak se kontroluje uvol\u0148ov\u00e1n\u00ed \u00fa\u010dinn\u00fdch l\u00e1tek?<\/h3>\t\t<\/div>\n\t\t\t\t<\/div>\n\t\t\t\t<div class=\"elementor-element elementor-element-1f52507 elementor-widget elementor-widget-text-editor\" data-id=\"1f52507\" data-element_type=\"widget\" data-widget_type=\"text-editor.default\">\n\t\t\t\t<div class=\"elementor-widget-container\">\n\t\t\t<style>\/*! elementor - v3.18.0 - 20-12-2023 *\/\n.elementor-widget-text-editor.elementor-drop-cap-view-stacked .elementor-drop-cap{background-color:#69727d;color:#fff}.elementor-widget-text-editor.elementor-drop-cap-view-framed .elementor-drop-cap{color:#69727d;border:3px solid;background-color:transparent}.elementor-widget-text-editor:not(.elementor-drop-cap-view-default) .elementor-drop-cap{margin-top:8px}.elementor-widget-text-editor:not(.elementor-drop-cap-view-default) .elementor-drop-cap-letter{width:1em;height:1em}.elementor-widget-text-editor .elementor-drop-cap{float:left;text-align:center;line-height:1;font-size:50px}.elementor-widget-text-editor .elementor-drop-cap-letter{display:inline-block}<\/style>\t\t\t\t<p>Mechanismus uvol\u0148ov\u00e1n\u00ed vyu\u017e\u00edv\u00e1 pe\u010dliv\u011b nastavenou rovnov\u00e1hu mezi neslu\u010ditelnost\u00ed polymern\u00ed matrice s \u00fa\u010dinn\u00fdmi l\u00e1tkami v n\u00e1ramku a dif\u00fazn\u00edmi silami do poko\u017eky.<\/p>\t\t\t\t\t\t<\/div>\n\t\t\t\t<\/div>\n\t\t\t\t<div class=\"elementor-element elementor-element-7fb8b9f elementor-widget-divider--view-line elementor-widget elementor-widget-divider\" data-id=\"7fb8b9f\" data-element_type=\"widget\" data-widget_type=\"divider.default\">\n\t\t\t\t<div class=\"elementor-widget-container\">\n\t\t\t<style>\/*! elementor - v3.18.0 - 20-12-2023 *\/\n.elementor-widget-divider{--divider-border-style:none;--divider-border-width:1px;--divider-color:#0c0d0e;--divider-icon-size:20px;--divider-element-spacing:10px;--divider-pattern-height:24px;--divider-pattern-size:20px;--divider-pattern-url:none;--divider-pattern-repeat:repeat-x}.elementor-widget-divider .elementor-divider{display:flex}.elementor-widget-divider .elementor-divider__text{font-size:15px;line-height:1;max-width:95%}.elementor-widget-divider .elementor-divider__element{margin:0 var(--divider-element-spacing);flex-shrink:0}.elementor-widget-divider .elementor-icon{font-size:var(--divider-icon-size)}.elementor-widget-divider .elementor-divider-separator{display:flex;margin:0;direction:ltr}.elementor-widget-divider--view-line_icon .elementor-divider-separator,.elementor-widget-divider--view-line_text .elementor-divider-separator{align-items:center}.elementor-widget-divider--view-line_icon .elementor-divider-separator:after,.elementor-widget-divider--view-line_icon .elementor-divider-separator:before,.elementor-widget-divider--view-line_text .elementor-divider-separator:after,.elementor-widget-divider--view-line_text .elementor-divider-separator:before{display:block;content:\"\";border-bottom:0;flex-grow:1;border-top:var(--divider-border-width) var(--divider-border-style) var(--divider-color)}.elementor-widget-divider--element-align-left .elementor-divider .elementor-divider-separator>.elementor-divider__svg:first-of-type{flex-grow:0;flex-shrink:100}.elementor-widget-divider--element-align-left .elementor-divider-separator:before{content:none}.elementor-widget-divider--element-align-left .elementor-divider__element{margin-left:0}.elementor-widget-divider--element-align-right .elementor-divider .elementor-divider-separator>.elementor-divider__svg:last-of-type{flex-grow:0;flex-shrink:100}.elementor-widget-divider--element-align-right .elementor-divider-separator:after{content:none}.elementor-widget-divider--element-align-right .elementor-divider__element{margin-right:0}.elementor-widget-divider:not(.elementor-widget-divider--view-line_text):not(.elementor-widget-divider--view-line_icon) .elementor-divider-separator{border-top:var(--divider-border-width) var(--divider-border-style) var(--divider-color)}.elementor-widget-divider--separator-type-pattern{--divider-border-style:none}.elementor-widget-divider--separator-type-pattern.elementor-widget-divider--view-line .elementor-divider-separator,.elementor-widget-divider--separator-type-pattern:not(.elementor-widget-divider--view-line) .elementor-divider-separator:after,.elementor-widget-divider--separator-type-pattern:not(.elementor-widget-divider--view-line) .elementor-divider-separator:before,.elementor-widget-divider--separator-type-pattern:not([class*=elementor-widget-divider--view]) .elementor-divider-separator{width:100%;min-height:var(--divider-pattern-height);-webkit-mask-size:var(--divider-pattern-size) 100%;mask-size:var(--divider-pattern-size) 100%;-webkit-mask-repeat:var(--divider-pattern-repeat);mask-repeat:var(--divider-pattern-repeat);background-color:var(--divider-color);-webkit-mask-image:var(--divider-pattern-url);mask-image:var(--divider-pattern-url)}.elementor-widget-divider--no-spacing{--divider-pattern-size:auto}.elementor-widget-divider--bg-round{--divider-pattern-repeat:round}.rtl .elementor-widget-divider .elementor-divider__text{direction:rtl}.e-con-inner>.elementor-widget-divider,.e-con>.elementor-widget-divider{width:var(--container-widget-width,100%);--flex-grow:var(--container-widget-flex-grow)}<\/style>\t\t<div class=\"elementor-divider\">\n\t\t\t<span class=\"elementor-divider-separator\">\n\t\t\t\t\t\t<\/span>\n\t\t<\/div>\n\t\t\t\t<\/div>\n\t\t\t\t<\/div>\n\t\t\t\t<div class=\"elementor-element elementor-element-05bd855 elementor-widget elementor-widget-heading\" data-id=\"05bd855\" data-element_type=\"widget\" data-widget_type=\"heading.default\">\n\t\t\t\t<div class=\"elementor-widget-container\">\n\t\t\t<h3 class=\"elementor-heading-title elementor-size-default\">2. Jak n\u00e1ramek pozn\u00e1, kdy m\u00e1 uvol\u0148ovat \u00fa\u010dinn\u00e9 l\u00e1tky?<\/h3>\t\t<\/div>\n\t\t\t\t<\/div>\n\t\t\t\t<div class=\"elementor-element elementor-element-d2030c8 elementor-widget elementor-widget-text-editor\" data-id=\"d2030c8\" data-element_type=\"widget\" data-widget_type=\"text-editor.default\">\n\t\t\t\t<div class=\"elementor-widget-container\">\n\t\t\t\t\t\t\t<p>Fyzick\u00fd kontakt mezi poko\u017ekou a vnit\u0159n\u00edm povrchem n\u00e1ramku aktivuje uvol\u0148ov\u00e1n\u00ed \u00fa\u010dinn\u00fdch l\u00e1tek. Jakmile se n\u00e1ramek dotkne k\u016f\u017ee, \u00fa\u010dinn\u00e9 l\u00e1tky migruj\u00ed na vnit\u0159n\u00ed povrch n\u00e1ramku pomoc\u00ed patentovan\u00e9 sm\u011bsi rozpou\u0161t\u011bdel a penetra\u010dn\u00edch zesilova\u010d\u016f a pronikaj\u00ed do poko\u017eky. Tento proces prob\u00edh\u00e1 kontinu\u00e1ln\u011b po celou dobu no\u0161en\u00ed n\u00e1ramku.<\/p>\t\t\t\t\t\t<\/div>\n\t\t\t\t<\/div>\n\t\t\t\t<div class=\"elementor-element elementor-element-7953ec8 elementor-widget-divider--view-line elementor-widget elementor-widget-divider\" data-id=\"7953ec8\" data-element_type=\"widget\" data-widget_type=\"divider.default\">\n\t\t\t\t<div class=\"elementor-widget-container\">\n\t\t\t\t\t<div class=\"elementor-divider\">\n\t\t\t<span class=\"elementor-divider-separator\">\n\t\t\t\t\t\t<\/span>\n\t\t<\/div>\n\t\t\t\t<\/div>\n\t\t\t\t<\/div>\n\t\t\t\t<div class=\"elementor-element elementor-element-f30fa46 elementor-widget elementor-widget-heading\" data-id=\"f30fa46\" data-element_type=\"widget\" data-widget_type=\"heading.default\">\n\t\t\t\t<div class=\"elementor-widget-container\">\n\t\t\t<h3 class=\"elementor-heading-title elementor-size-default\">3. Jak\u00fd je rozd\u00edl mezi peror\u00e1ln\u00edm a transderm\u00e1ln\u00edm pod\u00e1n\u00edm?<\/h3>\t\t<\/div>\n\t\t\t\t<\/div>\n\t\t\t\t<div class=\"elementor-element elementor-element-f468c0a elementor-widget elementor-widget-text-editor\" data-id=\"f468c0a\" data-element_type=\"widget\" data-widget_type=\"text-editor.default\">\n\t\t\t\t<div class=\"elementor-widget-container\">\n\t\t\t\t\t\t\t<p>Po peror\u00e1ln\u00edm pod\u00e1n\u00ed proch\u00e1zej\u00ed kolagenn\u00ed peptidy tr\u00e1v\u00edc\u00edm traktem a j\u00e1try, kde se metabolizuj\u00ed a rozkl\u00e1daj\u00ed na aminokyseliny. Tento &#8220;metabolismus prvn\u00edho pr\u016fchodu&#8221; v\u00fdrazn\u011b sni\u017euje mno\u017estv\u00ed \u00fa\u010dinn\u00e9 l\u00e1tky, kter\u00e1 se dostane do syst\u00e9mov\u00e9ho ob\u011bhu. N\u00e1\u0161 transderm\u00e1ln\u00ed zp\u016fsob pod\u00e1v\u00e1n\u00ed obch\u00e1z\u00ed tento proces, \u010d\u00edm\u017e zaji\u0161\u0165uje, \u017ee hydrolyzovan\u00fd kolagen je dod\u00e1v\u00e1n p\u0159\u00edmo do krevn\u00edho ob\u011bhu jako aktivn\u00ed kolagenn\u00ed peptidy.<\/p>\t\t\t\t\t\t<\/div>\n\t\t\t\t<\/div>\n\t\t\t\t<div class=\"elementor-element elementor-element-198884b elementor-widget-divider--view-line elementor-widget elementor-widget-divider\" data-id=\"198884b\" data-element_type=\"widget\" data-widget_type=\"divider.default\">\n\t\t\t\t<div class=\"elementor-widget-container\">\n\t\t\t\t\t<div class=\"elementor-divider\">\n\t\t\t<span class=\"elementor-divider-separator\">\n\t\t\t\t\t\t<\/span>\n\t\t<\/div>\n\t\t\t\t<\/div>\n\t\t\t\t<\/div>\n\t\t\t\t<div class=\"elementor-element elementor-element-7f8e8e1 elementor-widget elementor-widget-heading\" data-id=\"7f8e8e1\" data-element_type=\"widget\" data-widget_type=\"heading.default\">\n\t\t\t\t<div class=\"elementor-widget-container\">\n\t\t\t<h3 class=\"elementor-heading-title elementor-size-default\">4. Je polymern\u00ed matrice v cel\u00e9 plo\u0161e n\u00e1ramku, nebo pouze na n\u011bkter\u00fdch m\u00edstech?<\/h3>\t\t<\/div>\n\t\t\t\t<\/div>\n\t\t\t\t<div class=\"elementor-element elementor-element-6293ad5 elementor-widget elementor-widget-text-editor\" data-id=\"6293ad5\" data-element_type=\"widget\" data-widget_type=\"text-editor.default\">\n\t\t\t\t<div class=\"elementor-widget-container\">\n\t\t\t\t\t\t\t<p>Polymern\u00ed matrice je rovnom\u011brn\u011b rozlo\u017eena po cel\u00e9m n\u00e1ramku, ale transderm\u00e1ln\u00ed pod\u00e1v\u00e1n\u00ed prob\u00edh\u00e1 pouze tehdy, kdy\u017e je vnit\u0159n\u00ed povrch n\u00e1ramku v pln\u00e9m kontaktu s poko\u017ekou.<\/p>\t\t\t\t\t\t<\/div>\n\t\t\t\t<\/div>\n\t\t\t\t<div class=\"elementor-element elementor-element-d88b817 elementor-widget elementor-widget-heading\" data-id=\"d88b817\" data-element_type=\"widget\" data-widget_type=\"heading.default\">\n\t\t\t\t<div class=\"elementor-widget-container\">\n\t\t\t<h3 class=\"elementor-heading-title elementor-size-default\">5. Existuj\u00ed n\u011bjak\u00e1 omezen\u00ed, kter\u00e9 dopl\u0148ky stravy lze do n\u00e1ramku vlo\u017eit?<\/h3>\t\t<\/div>\n\t\t\t\t<\/div>\n\t\t\t\t<div class=\"elementor-element elementor-element-ff259d0 elementor-widget elementor-widget-text-editor\" data-id=\"ff259d0\" data-element_type=\"widget\" data-widget_type=\"text-editor.default\">\n\t\t\t\t<div class=\"elementor-widget-container\">\n\t\t\t\t\t\t\t<p>Ne v\u0161echny dopl\u0148ky stravy jsou vhodn\u00e9, ale na\u0161e technologie nab\u00edz\u00ed ur\u010ditou flexibilitu. M\u00e1me jasn\u011b definovan\u00e9 parametry a krit\u00e9ria pro ur\u010den\u00ed vhodnosti dopl\u0148k\u016f.<\/p>\t\t\t\t\t\t<\/div>\n\t\t\t\t<\/div>\n\t\t\t\t<div class=\"elementor-element elementor-element-57b176d elementor-widget-divider--view-line elementor-widget elementor-widget-divider\" data-id=\"57b176d\" data-element_type=\"widget\" data-widget_type=\"divider.default\">\n\t\t\t\t<div class=\"elementor-widget-container\">\n\t\t\t\t\t<div class=\"elementor-divider\">\n\t\t\t<span class=\"elementor-divider-separator\">\n\t\t\t\t\t\t<\/span>\n\t\t<\/div>\n\t\t\t\t<\/div>\n\t\t\t\t<\/div>\n\t\t\t\t<div class=\"elementor-element elementor-element-9fbf43c elementor-widget elementor-widget-heading\" data-id=\"9fbf43c\" data-element_type=\"widget\" data-widget_type=\"heading.default\">\n\t\t\t\t<div class=\"elementor-widget-container\">\n\t\t\t<h3 class=\"elementor-heading-title elementor-size-default\">6. Jak\u00e9 materi\u00e1ly se pou\u017e\u00edvaj\u00ed k v\u00fdrob\u011b n\u00e1ramk\u016f?<\/h3>\t\t<\/div>\n\t\t\t\t<\/div>\n\t\t\t\t<div class=\"elementor-element elementor-element-e0a90bd elementor-widget elementor-widget-text-editor\" data-id=\"e0a90bd\" data-element_type=\"widget\" data-widget_type=\"text-editor.default\">\n\t\t\t\t<div class=\"elementor-widget-container\">\n\t\t\t\t\t\t\t<p>N\u00e1ramky jsou slo\u017eeny z patentovan\u00e9 sm\u011bsi \u00fa\u010dinn\u00fdch l\u00e1tek, solubiliz\u00e1tor\u016f a penetra\u010dn\u00edch zesilova\u010d\u016f, kter\u00e9 jsou integrov\u00e1ny do polymern\u00ed matrice. Na\u0161e n\u00e1ramky jsou 100% recyklovateln\u00e9.<\/p>\t\t\t\t\t\t<\/div>\n\t\t\t\t<\/div>\n\t\t\t\t<div class=\"elementor-element elementor-element-c28bbd1 elementor-widget-divider--view-line elementor-widget elementor-widget-divider\" data-id=\"c28bbd1\" data-element_type=\"widget\" data-widget_type=\"divider.default\">\n\t\t\t\t<div class=\"elementor-widget-container\">\n\t\t\t\t\t<div class=\"elementor-divider\">\n\t\t\t<span class=\"elementor-divider-separator\">\n\t\t\t\t\t\t<\/span>\n\t\t<\/div>\n\t\t\t\t<\/div>\n\t\t\t\t<\/div>\n\t\t\t\t<div class=\"elementor-element elementor-element-3c11bbc elementor-widget elementor-widget-heading\" data-id=\"3c11bbc\" data-element_type=\"widget\" data-widget_type=\"heading.default\">\n\t\t\t\t<div class=\"elementor-widget-container\">\n\t\t\t<h3 class=\"elementor-heading-title elementor-size-default\">7. Je \u00fa\u010dinn\u00fd jeden n\u00e1ramek, nebo v\u00edce n\u00e1ramk\u016f zvy\u0161uje \u00fa\u010dinek?<\/h3>\t\t<\/div>\n\t\t\t\t<\/div>\n\t\t\t\t<div class=\"elementor-element elementor-element-21c211d elementor-widget elementor-widget-text-editor\" data-id=\"21c211d\" data-element_type=\"widget\" data-widget_type=\"text-editor.default\">\n\t\t\t\t<div class=\"elementor-widget-container\">\n\t\t\t\t\t\t\t<p>Obvykle sta\u010d\u00ed jeden n\u00e1ramek k dosa\u017een\u00ed po\u017eadovan\u00e9ho \u00fa\u010dinku. Doporu\u010den\u00ed pro no\u0161en\u00ed v\u00edce n\u00e1ramk\u016f se t\u00fdk\u00e1 pouze osob s v\u00fdrazn\u011b vy\u0161\u0161\u00ed t\u011blesnou hmotnost\u00ed.<\/p>\t\t\t\t\t\t<\/div>\n\t\t\t\t<\/div>\n\t\t\t\t<div class=\"elementor-element elementor-element-8518f8d elementor-widget-divider--view-line elementor-widget elementor-widget-divider\" data-id=\"8518f8d\" data-element_type=\"widget\" data-widget_type=\"divider.default\">\n\t\t\t\t<div class=\"elementor-widget-container\">\n\t\t\t\t\t<div class=\"elementor-divider\">\n\t\t\t<span class=\"elementor-divider-separator\">\n\t\t\t\t\t\t<\/span>\n\t\t<\/div>\n\t\t\t\t<\/div>\n\t\t\t\t<\/div>\n\t\t\t\t<div class=\"elementor-element elementor-element-78ed030 elementor-widget elementor-widget-heading\" data-id=\"78ed030\" data-element_type=\"widget\" data-widget_type=\"heading.default\">\n\t\t\t\t<div class=\"elementor-widget-container\">\n\t\t\t<h3 class=\"elementor-heading-title elementor-size-default\">8. Je mo\u017en\u00e9 nosit v\u00edce ne\u017e jeden typ n\u00e1ramku sou\u010dasn\u011b?<\/h3>\t\t<\/div>\n\t\t\t\t<\/div>\n\t\t\t\t<div class=\"elementor-element elementor-element-f1f0f8d elementor-widget elementor-widget-text-editor\" data-id=\"f1f0f8d\" data-element_type=\"widget\" data-widget_type=\"text-editor.default\">\n\t\t\t\t<div class=\"elementor-widget-container\">\n\t\t\t\t\t\t\t<p>Ano, r\u016fzn\u00e9 typy n\u00e1ramk\u016f lze nosit sou\u010dasn\u011b.<\/p>\t\t\t\t\t\t<\/div>\n\t\t\t\t<\/div>\n\t\t\t\t<div class=\"elementor-element elementor-element-6024f52 elementor-widget-divider--view-line elementor-widget elementor-widget-divider\" data-id=\"6024f52\" data-element_type=\"widget\" data-widget_type=\"divider.default\">\n\t\t\t\t<div class=\"elementor-widget-container\">\n\t\t\t\t\t<div class=\"elementor-divider\">\n\t\t\t<span class=\"elementor-divider-separator\">\n\t\t\t\t\t\t<\/span>\n\t\t<\/div>\n\t\t\t\t<\/div>\n\t\t\t\t<\/div>\n\t\t\t\t<div class=\"elementor-element elementor-element-cf634cd elementor-widget elementor-widget-heading\" data-id=\"cf634cd\" data-element_type=\"widget\" data-widget_type=\"heading.default\">\n\t\t\t\t<div class=\"elementor-widget-container\">\n\t\t\t<h3 class=\"elementor-heading-title elementor-size-default\">9. Je n\u00e1ramek bezpe\u010dn\u00fd pro pou\u017eit\u00ed d\u011btmi nebo t\u011bhotn\u00fdmi\/koj\u00edc\u00edmi \u017eenami?<\/h3>\t\t<\/div>\n\t\t\t\t<\/div>\n\t\t\t\t<div class=\"elementor-element elementor-element-ca1f4a0 elementor-widget elementor-widget-text-editor\" data-id=\"ca1f4a0\" data-element_type=\"widget\" data-widget_type=\"text-editor.default\">\n\t\t\t\t<div class=\"elementor-widget-container\">\n\t\t\t\t\t\t\t<p>D\u011bti a t\u011bhotn\u00e9 nebo koj\u00edc\u00ed \u017eeny by se p\u0159ed pou\u017eit\u00edm m\u011bly poradit se sv\u00fdm l\u00e9ka\u0159em.<\/p>\t\t\t\t\t\t<\/div>\n\t\t\t\t<\/div>\n\t\t\t\t<div class=\"elementor-element elementor-element-b1bf787 elementor-widget-divider--view-line elementor-widget elementor-widget-divider\" data-id=\"b1bf787\" data-element_type=\"widget\" data-widget_type=\"divider.default\">\n\t\t\t\t<div class=\"elementor-widget-container\">\n\t\t\t\t\t<div class=\"elementor-divider\">\n\t\t\t<span class=\"elementor-divider-separator\">\n\t\t\t\t\t\t<\/span>\n\t\t<\/div>\n\t\t\t\t<\/div>\n\t\t\t\t<\/div>\n\t\t\t\t<div class=\"elementor-element elementor-element-12d6015 elementor-widget elementor-widget-heading\" data-id=\"12d6015\" data-element_type=\"widget\" data-widget_type=\"heading.default\">\n\t\t\t\t<div class=\"elementor-widget-container\">\n\t\t\t<h3 class=\"elementor-heading-title elementor-size-default\">10. Jak\u00e9 typy n\u00e1ramk\u016f m\u016f\u017eeme od spole\u010dnosti Tanka o\u010dek\u00e1vat v budoucnu?<\/h3>\t\t<\/div>\n\t\t\t\t<\/div>\n\t\t\t\t<div class=\"elementor-element elementor-element-58a8309 elementor-widget elementor-widget-text-editor\" data-id=\"58a8309\" data-element_type=\"widget\" data-widget_type=\"text-editor.default\">\n\t\t\t\t<div class=\"elementor-widget-container\">\n\t\t\t\t\t\t\t<p>Pracujeme na v\u00fdvoji nov\u00fdch a inovativn\u00edch wellness n\u00e1ramk\u016f. Brzy nab\u00eddneme dopl\u0148ky jako \u017eelezo, multivitam\u00edny a CBD, a tak\u00e9 produkty pro p\u0159irozenou podporu stav\u016f jako ADHD a peri\/post menopauza.<\/p>\t\t\t\t\t\t<\/div>\n\t\t\t\t<\/div>\n\t\t\t\t\t<\/div>\n\t\t<\/div>\n\t\t\t\t<div class=\"elementor-column elementor-col-16 elementor-top-column elementor-element elementor-element-a80704a\" data-id=\"a80704a\" data-element_type=\"column\">\n\t\t\t<div class=\"elementor-widget-wrap\">\n\t\t\t\t\t\t\t\t\t<\/div>\n\t\t<\/div>\n\t\t\t\t\t\t\t<\/div>\n\t\t<\/section>\n\t\t\t\t\t\t\t<\/div>\n\t\t","protected":false},"excerpt":{"rendered":"<p>\u010casto kladen\u00e9 ot\u00e1zky 1. Jak se kontroluje uvol\u0148ov\u00e1n\u00ed \u00fa\u010dinn\u00fdch l\u00e1tek? Mechanismus uvol\u0148ov\u00e1n\u00ed vyu\u017e\u00edv\u00e1 pe\u010dliv\u011b nastavenou rovnov\u00e1hu mezi neslu\u010ditelnost\u00ed polymern\u00ed matrice s \u00fa\u010dinn\u00fdmi l\u00e1tkami v n\u00e1ramku a dif\u00fazn\u00edmi silami do poko\u017eky. 2. Jak n\u00e1ramek pozn\u00e1, kdy m\u00e1 uvol\u0148ovat \u00fa\u010dinn\u00e9 l\u00e1tky? Fyzick\u00fd kontakt mezi poko\u017ekou a vnit\u0159n\u00edm povrchem n\u00e1ramku aktivuje uvol\u0148ov\u00e1n\u00ed \u00fa\u010dinn\u00fdch l\u00e1tek. Jakmile se n\u00e1ramek dotkne &hellip; <a href=\"https:\/\/tankawellness.com\/cs\/faqs\/\" class=\"more-link\">Continue reading <span class=\"screen-reader-text\">FAQs<\/span><\/a><\/p>\n","protected":false},"author":1,"featured_media":0,"parent":0,"menu_order":0,"comment_status":"closed","ping_status":"closed","template":"","meta":{"inline_featured_image":false,"_monsterinsights_skip_tracking":false,"_monsterinsights_sitenote_active":false,"_monsterinsights_sitenote_note":"","_monsterinsights_sitenote_category":0,"_uf_show_specific_survey":0,"_uf_disable_surveys":false,"footnotes":""},"class_list":["post-9821","page","type-page","status-publish","hentry"],"_links":{"self":[{"href":"https:\/\/tankawellness.com\/cs\/wp-json\/wp\/v2\/pages\/9821","targetHints":{"allow":["GET"]}}],"collection":[{"href":"https:\/\/tankawellness.com\/cs\/wp-json\/wp\/v2\/pages"}],"about":[{"href":"https:\/\/tankawellness.com\/cs\/wp-json\/wp\/v2\/types\/page"}],"author":[{"embeddable":true,"href":"https:\/\/tankawellness.com\/cs\/wp-json\/wp\/v2\/users\/1"}],"replies":[{"embeddable":true,"href":"https:\/\/tankawellness.com\/cs\/wp-json\/wp\/v2\/comments?post=9821"}],"version-history":[{"count":3,"href":"https:\/\/tankawellness.com\/cs\/wp-json\/wp\/v2\/pages\/9821\/revisions"}],"predecessor-version":[{"id":9824,"href":"https:\/\/tankawellness.com\/cs\/wp-json\/wp\/v2\/pages\/9821\/revisions\/9824"}],"wp:attachment":[{"href":"https:\/\/tankawellness.com\/cs\/wp-json\/wp\/v2\/media?parent=9821"}],"curies":[{"name":"wp","href":"https:\/\/api.w.org\/{rel}","templated":true}]}}