{"id":9456,"date":"2024-05-05T20:59:56","date_gmt":"2024-05-05T20:59:56","guid":{"rendered":"https:\/\/tankawellness.com\/cart\/"},"modified":"2024-08-21T22:31:28","modified_gmt":"2024-08-21T22:31:28","slug":"cart","status":"publish","type":"page","link":"https:\/\/tankawellness.com\/cs\/cart\/","title":{"rendered":"Ko\u0161\u00edk"},"content":{"rendered":"<div data-block-name=\"woocommerce\/cart\" class=\"wp-block-woocommerce-cart alignwide is-loading\"><div data-block-name=\"woocommerce\/filled-cart-block\" class=\"wp-block-woocommerce-filled-cart-block\"><div data-block-name=\"woocommerce\/cart-items-block\" class=\"wp-block-woocommerce-cart-items-block\"><div data-block-name=\"woocommerce\/cart-line-items-block\" class=\"wp-block-woocommerce-cart-line-items-block\"><\/div>\n\n<div data-block-name=\"woocommerce\/cart-cross-sells-block\" class=\"wp-block-woocommerce-cart-cross-sells-block\">\n<h2 class=\"wp-block-heading has-large-font-size\">Mohlo by v\u00e1s zaj\u00edmat&#8230;<\/h2>\n\n\n<div data-block-name=\"woocommerce\/cart-cross-sells-products-block\" class=\"wp-block-woocommerce-cart-cross-sells-products-block\"><\/div><\/div><\/div>\n\n<div data-block-name=\"woocommerce\/cart-totals-block\" class=\"wp-block-woocommerce-cart-totals-block\"><div data-block-name=\"woocommerce\/cart-order-summary-block\" class=\"wp-block-woocommerce-cart-order-summary-block\"><div data-block-name=\"woocommerce\/cart-order-summary-heading-block\" class=\"wp-block-woocommerce-cart-order-summary-heading-block\"><\/div><div data-block-name=\"woocommerce\/cart-order-summary-coupon-form-block\" class=\"wp-block-woocommerce-cart-order-summary-coupon-form-block\"><\/div><div data-block-name=\"woocommerce\/cart-order-summary-totals-block\" class=\"wp-block-woocommerce-cart-order-summary-totals-block\">\n<div data-block-name=\"woocommerce\/cart-order-summary-subtotal-block\" class=\"wp-block-woocommerce-cart-order-summary-subtotal-block\"><\/div>\n<div data-block-name=\"woocommerce\/cart-order-summary-discount-block\" class=\"wp-block-woocommerce-cart-order-summary-discount-block\"><\/div>\n<div data-block-name=\"woocommerce\/cart-order-summary-fee-block\" class=\"wp-block-woocommerce-cart-order-summary-fee-block\"><\/div>\n<div data-block-name=\"woocommerce\/cart-order-summary-shipping-block\" class=\"wp-block-woocommerce-cart-order-summary-shipping-block\"><\/div>\n<div data-block-name=\"woocommerce\/cart-order-summary-taxes-block\" class=\"wp-block-woocommerce-cart-order-summary-taxes-block\"><\/div><\/div><\/div>\n\n<div data-block-name=\"woocommerce\/cart-express-payment-block\" class=\"wp-block-woocommerce-cart-express-payment-block\"><\/div>\n\n<div data-block-name=\"woocommerce\/proceed-to-checkout-block\" class=\"wp-block-woocommerce-proceed-to-checkout-block\"><\/div>\n\n<div data-block-name=\"woocommerce\/cart-accepted-payment-methods-block\" class=\"wp-block-woocommerce-cart-accepted-payment-methods-block\"><\/div><\/div><\/div>\n\n<div data-block-name=\"woocommerce\/empty-cart-block\" class=\"wp-block-woocommerce-empty-cart-block\">\n<h2 class=\"wp-block-heading has-text-align-center with-empty-cart-icon wc-block-cart__empty-cart__title\">V\u00e1\u0161 ko\u0161\u00edk je moment\u00e1ln\u011b pr\u00e1zdn\u00fd!<\/h2>\n\n\n\n<hr class=\"wp-block-separator has-alpha-channel-opacity is-style-dots\"\/>\n\n\n\n<h2 class=\"wp-block-heading has-text-align-center\">Novinky v obchod\u011b<\/h2>\n\n\n<div data-block-name=\"woocommerce\/product-new\" data-columns=\"4\" data-rows=\"1\" class=\"wc-block-grid wp-block-product-new wc-block-product-new has-4-columns\"><ul class=\"wc-block-grid__products\"><li class=\"wc-block-grid__product\">\n\t\t\t\t<a href=\"https:\/\/tankawellness.com\/cs\/product\/tanka-t-collagen\/\" class=\"wc-block-grid__product-link\">\n\t\t\t\t\t\n\t\t\t\t\t<div class=\"wc-block-grid__product-image\"><img fetchpriority=\"high\" decoding=\"async\" width=\"480\" height=\"638\" src=\"https:\/\/tankawellness.com\/wp-content\/uploads\/2024\/03\/t-collagen-480x638.png\" class=\"attachment-woocommerce_thumbnail size-woocommerce_thumbnail\" alt=\"Tanka T-Collagen\" \/><\/div>\n\t\t\t\t\t<div class=\"wc-block-grid__product-title\">Tanka T-Collagen<\/div>\n\t\t\t\t<\/a>\n\t\t\t\t<div class=\"wc-block-grid__product-price price\"><span class=\"woocommerce-Price-amount amount\"><span class=\"woocommerce-Price-currencySymbol\">&#036;<\/span>29.99<\/span><\/div>\n\t\t\t\t\n\t\t\t\t<div class=\"wp-block-button wc-block-grid__product-add-to-cart\"><a href=\"https:\/\/tankawellness.com\/cs\/product\/tanka-t-collagen\/\" aria-label=\"Read more about &ldquo;Tanka T-Collagen&rdquo;\" data-quantity=\"1\" data-product_id=\"9898\" data-product_sku=\"T-Collagen\" data-price=\"29.99\" rel=\"nofollow\" class=\"wp-block-button__link  add_to_cart_button\">Read more<\/a><\/div>\n\t\t\t<\/li><li class=\"wc-block-grid__product\">\n\t\t\t\t<a href=\"https:\/\/tankawellness.com\/cs\/product\/tanka-t-relax\/\" class=\"wc-block-grid__product-link\">\n\t\t\t\t\t\n\t\t\t\t\t<div class=\"wc-block-grid__product-image\"><img decoding=\"async\" width=\"480\" height=\"638\" src=\"https:\/\/tankawellness.com\/wp-content\/uploads\/2024\/03\/t-relax-480x638.png\" class=\"attachment-woocommerce_thumbnail size-woocommerce_thumbnail\" alt=\"Tanka T-Relax\" \/><\/div>\n\t\t\t\t\t<div class=\"wc-block-grid__product-title\">Tanka T-Relax<\/div>\n\t\t\t\t<\/a>\n\t\t\t\t<div class=\"wc-block-grid__product-price price\"><span class=\"woocommerce-Price-amount amount\"><span class=\"woocommerce-Price-currencySymbol\">&#036;<\/span>29.99<\/span><\/div>\n\t\t\t\t\n\t\t\t\t<div class=\"wp-block-button wc-block-grid__product-add-to-cart\"><a href=\"https:\/\/tankawellness.com\/cs\/product\/tanka-t-relax\/\" aria-label=\"Read more about &ldquo;Tanka T-Relax&rdquo;\" data-quantity=\"1\" data-product_id=\"9905\" data-product_sku=\"T-Relax\" data-price=\"29.99\" rel=\"nofollow\" class=\"wp-block-button__link  add_to_cart_button\">Read more<\/a><\/div>\n\t\t\t<\/li><li class=\"wc-block-grid__product\">\n\t\t\t\t<a href=\"https:\/\/tankawellness.com\/cs\/product\/tanka-t-mood\/\" class=\"wc-block-grid__product-link\">\n\t\t\t\t\t\n\t\t\t\t\t<div class=\"wc-block-grid__product-image\"><img decoding=\"async\" width=\"480\" height=\"638\" src=\"https:\/\/tankawellness.com\/wp-content\/uploads\/2024\/03\/t-mood-480x638.png\" class=\"attachment-woocommerce_thumbnail size-woocommerce_thumbnail\" alt=\"Tanka T-Mood\" \/><\/div>\n\t\t\t\t\t<div class=\"wc-block-grid__product-title\">Tanka T-Mood<\/div>\n\t\t\t\t<\/a>\n\t\t\t\t<div class=\"wc-block-grid__product-price price\"><span class=\"woocommerce-Price-amount amount\"><span class=\"woocommerce-Price-currencySymbol\">&#036;<\/span>29.99<\/span><\/div>\n\t\t\t\t\n\t\t\t\t<div class=\"wp-block-button wc-block-grid__product-add-to-cart\"><a href=\"https:\/\/tankawellness.com\/cs\/product\/tanka-t-mood\/\" aria-label=\"Read more about &ldquo;Tanka T-Mood&rdquo;\" data-quantity=\"1\" data-product_id=\"9906\" data-product_sku=\"T-Mood\" data-price=\"29.99\" rel=\"nofollow\" class=\"wp-block-button__link  add_to_cart_button\">Read more<\/a><\/div>\n\t\t\t<\/li><li class=\"wc-block-grid__product\">\n\t\t\t\t<a href=\"https:\/\/tankawellness.com\/cs\/product\/tanka-t-migraine\/\" class=\"wc-block-grid__product-link\">\n\t\t\t\t\t\n\t\t\t\t\t<div class=\"wc-block-grid__product-image\"><img loading=\"lazy\" decoding=\"async\" width=\"480\" height=\"638\" src=\"https:\/\/tankawellness.com\/wp-content\/uploads\/2024\/03\/t-migrane-480x638.png\" class=\"attachment-woocommerce_thumbnail size-woocommerce_thumbnail\" alt=\"Tanka T-Migraine\" \/><\/div>\n\t\t\t\t\t<div class=\"wc-block-grid__product-title\">Tanka T-Migraine<\/div>\n\t\t\t\t<\/a>\n\t\t\t\t<div class=\"wc-block-grid__product-price price\"><span class=\"woocommerce-Price-amount amount\"><span class=\"woocommerce-Price-currencySymbol\">&#036;<\/span>29.99<\/span><\/div>\n\t\t\t\t\n\t\t\t\t<div class=\"wp-block-button wc-block-grid__product-add-to-cart\"><a href=\"https:\/\/tankawellness.com\/cs\/product\/tanka-t-migraine\/\" aria-label=\"Read more about &ldquo;Tanka T-Migraine&rdquo;\" data-quantity=\"1\" data-product_id=\"9907\" data-product_sku=\"T-Migraine\" data-price=\"29.99\" rel=\"nofollow\" class=\"wp-block-button__link  add_to_cart_button\">Read more<\/a><\/div>\n\t\t\t<\/li><\/ul><\/div><\/div><\/div>","protected":false},"excerpt":{"rendered":"","protected":false},"author":1,"featured_media":0,"parent":0,"menu_order":0,"comment_status":"closed","ping_status":"closed","template":"","meta":{"inline_featured_image":false,"_monsterinsights_skip_tracking":false,"_monsterinsights_sitenote_active":false,"_monsterinsights_sitenote_note":"","_monsterinsights_sitenote_category":0,"_uf_show_specific_survey":0,"_uf_disable_surveys":false,"footnotes":""},"class_list":["post-9456","page","type-page","status-publish","hentry"],"_links":{"self":[{"href":"https:\/\/tankawellness.com\/cs\/wp-json\/wp\/v2\/pages\/9456","targetHints":{"allow":["GET"]}}],"collection":[{"href":"https:\/\/tankawellness.com\/cs\/wp-json\/wp\/v2\/pages"}],"about":[{"href":"https:\/\/tankawellness.com\/cs\/wp-json\/wp\/v2\/types\/page"}],"author":[{"embeddable":true,"href":"https:\/\/tankawellness.com\/cs\/wp-json\/wp\/v2\/users\/1"}],"replies":[{"embeddable":true,"href":"https:\/\/tankawellness.com\/cs\/wp-json\/wp\/v2\/comments?post=9456"}],"version-history":[{"count":2,"href":"https:\/\/tankawellness.com\/cs\/wp-json\/wp\/v2\/pages\/9456\/revisions"}],"predecessor-version":[{"id":9935,"href":"https:\/\/tankawellness.com\/cs\/wp-json\/wp\/v2\/pages\/9456\/revisions\/9935"}],"wp:attachment":[{"href":"https:\/\/tankawellness.com\/cs\/wp-json\/wp\/v2\/media?parent=9456"}],"curies":[{"name":"wp","href":"https:\/\/api.w.org\/{rel}","templated":true}]}}